{"id":3211,"date":"2025-06-04T09:08:43","date_gmt":"2025-06-04T09:08:43","guid":{"rendered":"https:\/\/kiannonkuohut.fi\/?page_id=3211"},"modified":"2025-10-20T09:37:01","modified_gmt":"2025-10-20T09:37:01","slug":"talviaktiviteetit","status":"publish","type":"page","link":"https:\/\/kiannonkuohut.fi\/en\/talviaktiviteetit\/","title":{"rendered":"Winter activities"},"content":{"rendered":"<div class=\"wp-block-uagb-container uagb-block-953477a6 alignfull uagb-is-root-container\"><div class=\"uagb-container-inner-blocks-wrap\">\n<div class=\"wp-block-uagb-container uagb-block-7dd016ef\">\n<div class=\"wp-block-uagb-advanced-heading uagb-block-8fb76bb7\"><h1 class=\"uagb-heading-text\"><br><br><br><br>winter activities<\/h1><p class=\"uagb-desc-text\">Winter in Suomussalmi is a paradise for snowmobiling and skiing lovers. Discover the ski and snowmobile routes, as well as the sweet reindeer farm visits below. <\/p><\/div>\n\n\n\n<div class=\"wp-block-uagb-advanced-heading uagb-block-87e18523\"><\/div>\n\n\n\n<div class=\"wp-block-uagb-container uagb-block-d4b2acf3\"><\/div>\n\n\n\n<div class=\"wp-block-uagb-info-box uagb-block-e0506ed7 uagb-infobox__content-wrap  uagb-infobox-icon-above-title uagb-infobox-image-valign-top\"><div class=\"uagb-ifb-content\"><div class=\"uagb-ifb-title-wrap\"><\/div><\/div><\/div>\n<\/div>\n\n\n\n<div class=\"wp-block-uagb-advanced-heading uagb-block-99c1c8dc\"><\/div>\n<\/div><\/div>\n\n\n\n<div class=\"wp-block-uagb-container uagb-block-bd37b12f alignfull uagb-is-root-container\"><div class=\"uagb-container-inner-blocks-wrap\">\n<div class=\"wp-block-uagb-container uagb-block-0b93988c\">\n<div class=\"wp-block-uagb-advanced-heading uagb-block-370fd034\"><h2 class=\"uagb-heading-text\">korpiporo<\/h2><p class=\"uagb-desc-text\">At the Korpiporo reindeer farm, you can learn about the life of reindeer and go on a reindeer ride. Take photos as a souvenir or have a moment feeding the reindeers.<br>You can also find authentic reindeer products as souvenirs at the reindeer farm. The owner of the farm will be there to tell you about life on the reindeer farm. <br><br>You can have more information from our reception and the link below.<\/p><\/div>\n<\/div>\n\n\n\n<div class=\"wp-block-uagb-buttons uagb-buttons__outer-wrap uagb-btn__default-btn uagb-btn-tablet__default-btn uagb-btn-mobile__default-btn uagb-block-5da84e12\"><div class=\"uagb-buttons__wrap uagb-buttons-layout-wrap\">\n<div class=\"wp-block-uagb-buttons-child uagb-buttons__outer-wrap uagb-block-e6c81ce2 wp-block-button\"><div class=\"uagb-button__wrapper\"><a class=\"uagb-buttons-repeater wp-block-button__link\" aria-label=\"\" href=\"https:\/\/www.korpiporo.fi\/\" rel=\"follow noopener\" target=\"_blank\" role=\"button\"><div class=\"uagb-button__link\">learn more<\/div><\/a><\/div><\/div>\n<\/div><\/div>\n<\/div><\/div>\n\n\n\n<div class=\"wp-block-uagb-container uagb-block-af9975b0 alignfull uagb-is-root-container\"><div class=\"uagb-container-inner-blocks-wrap\">\n<div class=\"wp-block-uagb-advanced-heading uagb-block-bb9eb4d1\"><\/div>\n\n\n\n<div class=\"wp-block-uagb-container uagb-block-2dc66fb1\">\n<div class=\"wp-block-uagb-advanced-heading uagb-block-a38518af\"><h2 class=\"uagb-heading-text\"><br><br><br><br><br><br>snow mobiling<\/h2><p class=\"uagb-desc-text\">Snowmobiling in Suomussalmi is one of the most popular activities for winter tourists. Suomussalmi has over 500 km of maintained trails, of which approximately 400 km are mechanically maintained. You can reach the magnificent snowmobiling landscapes directly from the hotel yard. You can ride around the popular Kiantal ake trail or ride to Hossa \u2013 either way, the views are breathtaking.<\/p><\/div>\n<\/div>\n<\/div><\/div>\n\n\n\n<div class=\"wp-block-uagb-container uagb-block-b6e4f4db alignfull uagb-is-root-container\"><div class=\"uagb-container-inner-blocks-wrap\">\n<div class=\"wp-block-uagb-container uagb-block-df20a2b8\">\n<div class=\"wp-block-uagb-advanced-heading uagb-block-5b754418\"><h2 class=\"uagb-heading-text\"><br><br>snowshoeing &amp; skiing<\/h2><p class=\"uagb-desc-text\">From our hotel yard you can go snowshoeing in the nearby or skiing on well-maintained ski trails. There are approximately 30 km of ski trails, almost half of which are illuminated between the center of Suomussalmi and Haverinen Ski Resort, as well as in Haverinen Ski Resort.<br><br>In spring, a sun trail will be opened on Lake Kiantaj\u00e4rvi, where you can enjoy the early winter sun in magnificent lake views. <br><br>We rent snowshoes from our reception.<\/p><\/div>\n<\/div>\n\n\n\n<div class=\"wp-block-uagb-buttons uagb-buttons__outer-wrap uagb-btn__default-btn uagb-btn-tablet__default-btn uagb-btn-mobile__default-btn uagb-block-b5e6fcf0\"><div class=\"uagb-buttons__wrap uagb-buttons-layout-wrap\">\n<div class=\"wp-block-uagb-buttons-child uagb-buttons__outer-wrap uagb-block-384efccc wp-block-button\"><div class=\"uagb-button__wrapper\"><a class=\"uagb-buttons-repeater wp-block-button__link\" aria-label=\"\" href=\"https:\/\/visitsuomussalmi.fi\/reittiarkisto\/haverisen-ladut\/\" rel=\"follow noopener\" target=\"_blank\" role=\"button\"><div class=\"uagb-button__link\">Ski trails &amp; routes<\/div><\/a><\/div><\/div>\n<\/div><\/div>\n<\/div><\/div>","protected":false},"excerpt":{"rendered":"<p>talviaktiviteetit Suomussalmen talvi on kelkkailun ja hiihdon yst\u00e4vien paratiisi. Tutustu latu- ja kelkkareitteihin, sek\u00e4 suloisiin porotilavierailuihin alta. korpiporo Porotila Korpiporossa voit tutustua porojen el\u00e4m\u00e4\u00e4n ja k\u00e4yd\u00e4 poroajelulla. Nappaa kuvia muistoksi tai viet\u00e4 ruokailuhetki poroja sy\u00f6tt\u00e4en.Porotilalta l\u00f6yd\u00e4t my\u00f6s aidot porotuotteet matkamuistoksi. Tilan porois\u00e4nt\u00e4 on paikalla kertomassa porotilan el\u00e4m\u00e4st\u00e4. Kysy lis\u00e4\u00e4 vastaanotostamme. kelkkailu Moottorikelkkailu Suomussalmella on yksi suosituimpia talvimatkailijoiden aktiviteetteja. Suomussalmella on yli 500 km huollettuja reittej\u00e4, joista koneellisesti kunnossapidetty\u00e4 on n. 400 km. Upeisiin kelkkailumaisemiin kurvaat suoraan hotellin pihasta. Voit ajella ymp\u00e4ri suositun Kiantaj\u00e4rven reitin tai ajella Hossaan &#8211; niin tai n\u00e4in, n\u00e4kym\u00e4t ovat henke\u00e4salpaavat. lumikenk\u00e4ily &amp; hiihto Hotellimme pihasta p\u00e4\u00e4set lumikenk\u00e4ilem\u00e4\u00e4n l\u00e4himaastoon tai hiiht\u00e4m\u00e4\u00e4n hyvin hoidetuille hiihtoladuille. Hiihtolatuverkostoa on n. 30 km, josta l\u00e4hes puolet valaistua Suomussalmen keskustan ja Haverisen hiihtokeskuksen v\u00e4lill\u00e4 sek\u00e4 Haverisen hiihtokeskuksessa. Kev\u00e4\u00e4ll\u00e4 Kiantaj\u00e4rvelle aukaistaan aurinkolatu, jossa nautit kev\u00e4ttalven auringosta mahtavissa j\u00e4rvimaisemissa. Lumikenki\u00e4 vuokraamme vastaanotostamme.<\/p>","protected":false},"author":2,"featured_media":0,"parent":0,"menu_order":0,"comment_status":"closed","ping_status":"closed","template":"","meta":{"_improvement_type_select":"improve_an_existing","_thumb_yes_seoaic":false,"_frame_yes_seoaic":false,"seoaic_generate_description":"","seoaic_improve_instructions_prompt":"","seoaic_rollback_content_improvement":"","seoaic_idea_thumbnail_generator":"","thumbnail_generated":false,"thumbnail_generate_prompt":"","seoaic_article_description":"","_uag_custom_page_level_css":"","site-sidebar-layout":"default","site-content-layout":"","ast-site-content-layout":"default","site-content-style":"default","site-sidebar-style":"default","ast-global-header-display":"","ast-banner-title-visibility":"","ast-main-header-display":"","ast-hfb-above-header-display":"","ast-hfb-below-header-display":"","ast-hfb-mobile-header-display":"","site-post-title":"disabled","ast-breadcrumbs-content":"","ast-featured-img":"","footer-sml-layout":"","theme-transparent-header-meta":"","adv-header-id-meta":"","stick-header-meta":"","header-above-stick-meta":"","header-main-stick-meta":"","header-below-stick-meta":"","astra-migrate-meta-layouts":"set","ast-page-background-enabled":"default","ast-page-background-meta":{"desktop":{"background-color":"","background-image":"","background-repeat":"repeat","background-position":"center center","background-size":"auto","background-attachment":"scroll","background-type":"","background-media":"","overlay-type":"","overlay-color":"","overlay-opacity":"","overlay-gradient":""},"tablet":{"background-color":"","background-image":"","background-repeat":"repeat","background-position":"center center","background-size":"auto","background-attachment":"scroll","background-type":"","background-media":"","overlay-type":"","overlay-color":"","overlay-opacity":"","overlay-gradient":""},"mobile":{"background-color":"","background-image":"","background-repeat":"repeat","background-position":"center center","background-size":"auto","background-attachment":"scroll","background-type":"","background-media":"","overlay-type":"","overlay-color":"","overlay-opacity":"","overlay-gradient":""}},"ast-content-background-meta":{"desktop":{"background-color":"var(--ast-global-color-5)","background-image":"","background-repeat":"repeat","background-position":"center center","background-size":"auto","background-attachment":"scroll","background-type":"","background-media":"","overlay-type":"","overlay-color":"","overlay-opacity":"","overlay-gradient":""},"tablet":{"background-color":"var(--ast-global-color-5)","background-image":"","background-repeat":"repeat","background-position":"center center","background-size":"auto","background-attachment":"scroll","background-type":"","background-media":"","overlay-type":"","overlay-color":"","overlay-opacity":"","overlay-gradient":""},"mobile":{"background-color":"var(--ast-global-color-5)","background-image":"","background-repeat":"repeat","background-position":"center center","background-size":"auto","background-attachment":"scroll","background-type":"","background-media":"","overlay-type":"","overlay-color":"","overlay-opacity":"","overlay-gradient":""}},"footnotes":""},"class_list":["post-3211","page","type-page","status-publish","hentry"],"aioseo_notices":[],"uagb_featured_image_src":{"full":false,"thumbnail":false,"medium":false,"medium_large":false,"large":false,"1536x1536":false,"2048x2048":false,"trp-custom-language-flag":false},"uagb_author_info":{"display_name":"johannamaaria.korhonen@gmail.com","author_link":"https:\/\/kiannonkuohut.fi\/en\/author\/johannamaaria-korhonengmail-com\/"},"uagb_comment_info":0,"uagb_excerpt":"talviaktiviteetit Suomussalmen talvi on kelkkailun ja hiihdon yst\u00e4vien paratiisi. Tutustu latu- ja kelkkareitteihin, sek\u00e4 suloisiin porotilavierailuihin alta. korpiporo Porotila Korpiporossa voit tutustua porojen el\u00e4m\u00e4\u00e4n ja k\u00e4yd\u00e4 poroajelulla. Nappaa kuvia muistoksi tai viet\u00e4 ruokailuhetki poroja sy\u00f6tt\u00e4en.Porotilalta l\u00f6yd\u00e4t my\u00f6s aidot porotuotteet matkamuistoksi. Tilan porois\u00e4nt\u00e4 on paikalla kertomassa porotilan el\u00e4m\u00e4st\u00e4. Kysy lis\u00e4\u00e4 vastaanotostamme. kelkkailu Moottorikelkkailu Suomussalmella on yksi&hellip;","_links":{"self":[{"href":"https:\/\/kiannonkuohut.fi\/en\/wp-json\/wp\/v2\/pages\/3211","targetHints":{"allow":["GET"]}}],"collection":[{"href":"https:\/\/kiannonkuohut.fi\/en\/wp-json\/wp\/v2\/pages"}],"about":[{"href":"https:\/\/kiannonkuohut.fi\/en\/wp-json\/wp\/v2\/types\/page"}],"author":[{"embeddable":true,"href":"https:\/\/kiannonkuohut.fi\/en\/wp-json\/wp\/v2\/users\/2"}],"replies":[{"embeddable":true,"href":"https:\/\/kiannonkuohut.fi\/en\/wp-json\/wp\/v2\/comments?post=3211"}],"version-history":[{"count":41,"href":"https:\/\/kiannonkuohut.fi\/en\/wp-json\/wp\/v2\/pages\/3211\/revisions"}],"predecessor-version":[{"id":3522,"href":"https:\/\/kiannonkuohut.fi\/en\/wp-json\/wp\/v2\/pages\/3211\/revisions\/3522"}],"wp:attachment":[{"href":"https:\/\/kiannonkuohut.fi\/en\/wp-json\/wp\/v2\/media?parent=3211"}],"curies":[{"name":"wp","href":"https:\/\/api.w.org\/{rel}","templated":true}]}}