{"id":3194,"date":"2025-06-04T09:08:11","date_gmt":"2025-06-04T09:08:11","guid":{"rendered":"https:\/\/kiannonkuohut.fi\/?page_id=3194"},"modified":"2025-10-20T10:08:48","modified_gmt":"2025-10-20T10:08:48","slug":"kesaaktiviteetit","status":"publish","type":"page","link":"https:\/\/kiannonkuohut.fi\/en\/kesaaktiviteetit\/","title":{"rendered":"Summer activities"},"content":{"rendered":"<div class=\"wp-block-uagb-container uagb-block-953477a6 alignfull uagb-is-root-container\"><div class=\"uagb-container-inner-blocks-wrap\">\n<div class=\"wp-block-uagb-container uagb-block-23cdb900\"><\/div>\n\n\n\n<h2 class=\"wp-block-heading\"><\/h2>\n\n\n\n<h2 class=\"wp-block-heading\"><\/h2>\n\n\n\n<div class=\"wp-block-uagb-container uagb-block-7dd016ef\">\n<div class=\"wp-block-uagb-advanced-heading uagb-block-8fb76bb7\"><h1 class=\"uagb-heading-text\">summer activities<\/h1><p class=\"uagb-desc-text\">Suomussalmi's summer and stunning nature offer a variety of experiences. Discover our activities and partners below. <\/p><\/div>\n<\/div>\n<\/div><\/div>\n\n\n\n<div class=\"wp-block-uagb-container uagb-block-af9975b0 alignfull uagb-is-root-container\"><div class=\"uagb-container-inner-blocks-wrap\">\n<div class=\"wp-block-uagb-container uagb-block-2dc66fb1\">\n<div class=\"wp-block-uagb-advanced-heading uagb-block-a38518af\"><h2 class=\"uagb-heading-text\">bear watching<\/h2><p class=\"uagb-desc-text\">Martinselkonen Wilds Center organizes guided bear watching trips.<br><br>Check out Martinselkonen at the link below.<\/p><\/div>\n<\/div>\n\n\n\n<div class=\"wp-block-uagb-buttons uagb-buttons__outer-wrap uagb-btn__default-btn uagb-btn-tablet__default-btn uagb-btn-mobile__default-btn uagb-block-5da84e12\"><div class=\"uagb-buttons__wrap uagb-buttons-layout-wrap\">\n<div class=\"wp-block-uagb-buttons-child uagb-buttons__outer-wrap uagb-block-e6c81ce2 wp-block-button\"><div class=\"uagb-button__wrapper\"><a class=\"uagb-buttons-repeater wp-block-button__link\" aria-label=\"\" href=\"https:\/\/www.martinselkonen.fi\/\" rel=\"follow noopener\" target=\"_blank\" role=\"button\"><div class=\"uagb-button__link\">learn more<\/div><\/a><\/div><\/div>\n<\/div><\/div>\n<\/div><\/div>\n\n\n\n<div class=\"wp-block-uagb-container uagb-block-8344f3c9 alignfull uagb-is-root-container\"><div class=\"uagb-container-inner-blocks-wrap\">\n<div class=\"wp-block-uagb-container uagb-block-5d4b08c2\">\n<div class=\"wp-block-uagb-container uagb-block-4bb323e2\">\n<div class=\"wp-block-uagb-advanced-heading uagb-block-c008c7e8\"><h2 class=\"uagb-heading-text\">hiking trails &amp; nature<\/h2><p class=\"uagb-desc-text\">There are many nature destinations nearby the hotel where you can admire the scenery while hiking or mountain biking for a day or more. Check out the hiking trails at the link. <\/p><\/div>\n\n\n\n<div class=\"wp-block-uagb-buttons uagb-buttons__outer-wrap uagb-btn__default-btn uagb-btn-tablet__default-btn uagb-btn-mobile__default-btn uagb-block-805170a8\"><div class=\"uagb-buttons__wrap uagb-buttons-layout-wrap\">\n<div class=\"wp-block-uagb-buttons-child uagb-buttons__outer-wrap uagb-block-56e97597 wp-block-button\"><div class=\"uagb-button__wrapper\"><a class=\"uagb-buttons-repeater wp-block-button__link\" aria-label=\"\" href=\"https:\/\/visitsuomussalmi.fi\/nae-ja-koe\/reitit\/\" rel=\"follow noopener\" target=\"_blank\" role=\"button\"><div class=\"uagb-button__link\">read more about hiking trails<\/div><\/a><\/div><\/div>\n<\/div><\/div>\n<\/div>\n<\/div>\n\n\n\n<div class=\"wp-block-uagb-container uagb-block-560a63c7\">\n<div class=\"wp-block-uagb-image aligncenter uagb-block-95dd77d8 wp-block-uagb-image--layout-default wp-block-uagb-image--effect-static wp-block-uagb-image--align-center\"><figure class=\"wp-block-uagb-image__figure\"><img loading=\"lazy\" decoding=\"async\" srcset=\"https:\/\/lightsalmon-stinkbug-998868.hostingersite.com\/wp-content\/uploads\/2025\/06\/hepo-1024x679.jpg ,https:\/\/lightsalmon-stinkbug-998868.hostingersite.com\/wp-content\/uploads\/2025\/06\/hepo.jpg 780w, https:\/\/lightsalmon-stinkbug-998868.hostingersite.com\/wp-content\/uploads\/2025\/06\/hepo-1024x679.jpg 360w\" sizes=\"auto, (max-width: 480px) 150px\" src=\"https:\/\/lightsalmon-stinkbug-998868.hostingersite.com\/wp-content\/uploads\/2025\/06\/hepo-1024x679.jpg\" alt=\"\" class=\"uag-image-2980\" width=\"731\" height=\"432\" title=\"\" role=\"presentation\"\/><\/figure><\/div>\n<\/div>\n<\/div><\/div>\n\n\n\n<div class=\"wp-block-uagb-container uagb-block-a3b8435f alignfull uagb-is-root-container\"><div class=\"uagb-container-inner-blocks-wrap\">\n<div class=\"wp-block-uagb-container uagb-block-4308b106\">\n<div class=\"wp-block-uagb-image aligncenter uagb-block-297b7602 wp-block-uagb-image--layout-default wp-block-uagb-image--effect-static wp-block-uagb-image--align-center\"><figure class=\"wp-block-uagb-image__figure\"><img loading=\"lazy\" decoding=\"async\" srcset=\"https:\/\/lightsalmon-stinkbug-998868.hostingersite.com\/wp-content\/uploads\/2025\/06\/kesateatteri-kiittaa-2560x1080-1-1024x432.jpg ,https:\/\/lightsalmon-stinkbug-998868.hostingersite.com\/wp-content\/uploads\/2025\/06\/kesateatteri-kiittaa-2560x1080-1.jpg 780w, https:\/\/lightsalmon-stinkbug-998868.hostingersite.com\/wp-content\/uploads\/2025\/06\/kesateatteri-kiittaa-2560x1080-1.jpg 360w\" sizes=\"auto, (max-width: 480px) 150px\" src=\"https:\/\/lightsalmon-stinkbug-998868.hostingersite.com\/wp-content\/uploads\/2025\/06\/kesateatteri-kiittaa-2560x1080-1-1024x432.jpg\" alt=\"\" class=\"uag-image-3277\" width=\"1024\" height=\"432\" title=\"\" role=\"presentation\"\/><\/figure><\/div>\n<\/div>\n\n\n\n<div class=\"wp-block-uagb-container uagb-block-89b7160e\">\n<div class=\"wp-block-uagb-container uagb-block-9945ea9e\">\n<div class=\"wp-block-uagb-advanced-heading uagb-block-bca12cfd\"><h2 class=\"uagb-heading-text\"> summer theater<\/h2><p class=\"uagb-desc-text translation-block\">Suomussalmi Summer Theatre is one of Finland's largest summer theatres, located in the stunning Kaunisniemi ridge. \n\nYou can purchase theatre packages from the hotel for both individuals and groups. Ask at our reception for more information.<\/p><\/div>\n\n\n\n<div class=\"wp-block-uagb-buttons uagb-buttons__outer-wrap uagb-btn__default-btn uagb-btn-tablet__default-btn uagb-btn-mobile__default-btn uagb-block-d375abd4\"><div class=\"uagb-buttons__wrap uagb-buttons-layout-wrap\">\n<div class=\"wp-block-uagb-buttons-child uagb-buttons__outer-wrap uagb-block-e813d888 wp-block-button\"><div class=\"uagb-button__wrapper\"><a class=\"uagb-buttons-repeater wp-block-button__link\" aria-label=\"\" href=\"https:\/\/visitsuomussalmi.fi\/tuote\/suomussalmen-kesateatteri\/\" rel=\"follow noopener\" target=\"_blank\" role=\"button\"><div class=\"uagb-button__link\">learn more<\/div><\/a><\/div><\/div>\n<\/div><\/div>\n<\/div>\n<\/div>\n<\/div><\/div>\n\n\n\n<div class=\"wp-block-uagb-container uagb-block-9266ac28 alignfull uagb-is-root-container\"><div class=\"uagb-container-inner-blocks-wrap\">\n<div class=\"wp-block-uagb-container uagb-block-af138067\">\n<div class=\"wp-block-uagb-advanced-heading uagb-block-003b51b3\"><h2 class=\"uagb-heading-text\">fishing<\/h2><p class=\"uagb-desc-text\">Forget about everyday worries for a moment and go fishing! The Suomussalmi Fly Fishermen Association periodically stocks rainbow trout in the Jalonuoma next to the hotel. You can purchase a fishing permit at the hotel reception. <br><br>There are also other great fishing spots in the Suomussalmi area. Check out the fishing spots at the link below. <\/p><\/div>\n<\/div>\n\n\n\n<div class=\"wp-block-uagb-buttons uagb-buttons__outer-wrap uagb-btn__default-btn uagb-btn-tablet__default-btn uagb-btn-mobile__default-btn uagb-block-7e10b4ea\"><div class=\"uagb-buttons__wrap uagb-buttons-layout-wrap\">\n<div class=\"wp-block-uagb-buttons-child uagb-buttons__outer-wrap uagb-block-892567da wp-block-button\"><div class=\"uagb-button__wrapper\"><a class=\"uagb-buttons-repeater wp-block-button__link\" aria-label=\"\" href=\"https:\/\/visitsuomussalmi.fi\/nae-ja-koe\/aktiviteetit\/veden-aarella\/kalastus\/kalastuspaikat\/\" rel=\"follow noopener\" target=\"_blank\" role=\"button\"><div class=\"uagb-button__link\">learn more<\/div><\/a><\/div><\/div>\n<\/div><\/div>\n<\/div><\/div>\n\n\n\n<div class=\"wp-block-uagb-container uagb-block-60481468 alignfull uagb-is-root-container\"><div class=\"uagb-container-inner-blocks-wrap\">\n<div class=\"wp-block-uagb-container uagb-block-bd1ff254\">\n<div class=\"wp-block-uagb-container uagb-block-a9de5ce5\">\n<div class=\"wp-block-uagb-advanced-heading uagb-block-2afa1509\"><h2 class=\"uagb-heading-text\">sup boarding<\/h2><p class=\"uagb-desc-text\">Stand Up Paddleboarding, or more commonly known as SUP, is a water sport where you paddle while standing on a long board. The perfect activity for warm summer days.<br><br>You can rent SUP boards from our reception.<\/p><\/div>\n\n\n\n<div class=\"wp-block-uagb-buttons uagb-buttons__outer-wrap uagb-btn__default-btn uagb-btn-tablet__default-btn uagb-btn-mobile__default-btn uagb-block-e4900bc9\"><div class=\"uagb-buttons__wrap uagb-buttons-layout-wrap\">\n<div class=\"wp-block-uagb-buttons-child uagb-buttons__outer-wrap uagb-block-23ca1a2d wp-block-button\"><div class=\"uagb-button__wrapper\"><a class=\"uagb-buttons-repeater wp-block-button__link\" aria-label=\"\" href=\"https:\/\/lightsalmon-stinkbug-998868.hostingersite.com\/valinevuokraus\/\" rel=\"follow noopener\" target=\"_self\" role=\"button\"><div class=\"uagb-button__link\">equipment rental price list<\/div><\/a><\/div><\/div>\n<\/div><\/div>\n<\/div>\n<\/div>\n\n\n\n<div class=\"wp-block-uagb-advanced-heading uagb-block-f13c3b29\"><\/div>\n<\/div><\/div>\n\n\n\n<div class=\"wp-block-uagb-container uagb-block-8118cdf8 alignfull uagb-is-root-container\"><div class=\"uagb-container-inner-blocks-wrap\">\n<div class=\"wp-block-uagb-container uagb-block-e65eda12\">\n<div class=\"wp-block-uagb-container uagb-block-e6239953\">\n<div class=\"wp-block-uagb-advanced-heading uagb-block-e355b55a\"><h2 class=\"uagb-heading-text\">frisbee golf<\/h2><p class=\"uagb-desc-text\"><a href=\"https:\/\/visitsuomussalmi.fi\/nae-ja-koe\/aktiviteetit\/pelit-ja-treeni\/frisbeegolf\/\">Frisbee golf alone or together. There are two frisbee golf courses in Suomussalmi \u2013 the 9-hole J\u00e4tk\u00e4npuisto course and the 18-hole Haverinen course. <br><br>You can rent frisbee golf discs from our reception.<\/a><\/p><\/div>\n\n\n\n<div class=\"wp-block-uagb-buttons uagb-buttons__outer-wrap uagb-btn__default-btn uagb-btn-tablet__default-btn uagb-btn-mobile__default-btn uagb-block-0c603715\"><div class=\"uagb-buttons__wrap uagb-buttons-layout-wrap\">\n<div class=\"wp-block-uagb-buttons-child uagb-buttons__outer-wrap uagb-block-6b09893b wp-block-button\"><div class=\"uagb-button__wrapper\"><a class=\"uagb-buttons-repeater wp-block-button__link\" aria-label=\"\" href=\"https:\/\/visitsuomussalmi.fi\/nae-ja-koe\/aktiviteetit\/pelit-ja-treeni\/frisbeegolf\/\" rel=\"follow noopener\" target=\"_blank\" role=\"button\"><div class=\"uagb-button__link\">courses &amp; maps<\/div><\/a><\/div><\/div>\n<\/div><\/div>\n<\/div>\n<\/div>\n\n\n\n<div class=\"wp-block-uagb-container uagb-block-c5099187\">\n<div class=\"wp-block-uagb-image aligncenter uagb-block-a4122d25 wp-block-uagb-image--layout-default wp-block-uagb-image--effect-static wp-block-uagb-image--align-center\"><figure class=\"wp-block-uagb-image__figure\"><img loading=\"lazy\" decoding=\"async\" srcset=\"https:\/\/lightsalmon-stinkbug-998868.hostingersite.com\/wp-content\/uploads\/2025\/07\/DSC_6586-1024x895.jpg ,https:\/\/lightsalmon-stinkbug-998868.hostingersite.com\/wp-content\/uploads\/2025\/07\/DSC_6586-scaled.jpg 780w, https:\/\/lightsalmon-stinkbug-998868.hostingersite.com\/wp-content\/uploads\/2025\/07\/DSC_6586-scaled.jpg 360w\" sizes=\"auto, (max-width: 480px) 150px\" src=\"https:\/\/lightsalmon-stinkbug-998868.hostingersite.com\/wp-content\/uploads\/2025\/07\/DSC_6586-1024x895.jpg\" alt=\"\" class=\"uag-image-3419\" width=\"1024\" height=\"576\" title=\"\" role=\"presentation\"\/><\/figure><\/div>\n<\/div>\n<\/div><\/div>\n\n\n\n<div class=\"wp-block-uagb-container uagb-block-d16827aa alignfull uagb-is-root-container\"><div class=\"uagb-container-inner-blocks-wrap\">\n<div class=\"wp-block-uagb-container uagb-block-13535c09\">\n<div class=\"wp-block-uagb-image aligncenter uagb-block-ac7247e3 wp-block-uagb-image--layout-default wp-block-uagb-image--effect-static wp-block-uagb-image--align-center\"><figure class=\"wp-block-uagb-image__figure\"><img loading=\"lazy\" decoding=\"async\" srcset=\"https:\/\/lightsalmon-stinkbug-998868.hostingersite.com\/wp-content\/uploads\/2025\/04\/humula-1024x576.jpg ,https:\/\/lightsalmon-stinkbug-998868.hostingersite.com\/wp-content\/uploads\/2025\/04\/humula.jpg 780w, https:\/\/lightsalmon-stinkbug-998868.hostingersite.com\/wp-content\/uploads\/2025\/04\/humula.jpg 360w\" sizes=\"auto, (max-width: 480px) 150px\" src=\"https:\/\/lightsalmon-stinkbug-998868.hostingersite.com\/wp-content\/uploads\/2025\/04\/humula-1024x576.jpg\" alt=\"\" class=\"uag-image-2418\" width=\"1024\" height=\"576\" title=\"\" role=\"presentation\"\/><\/figure><\/div>\n<\/div>\n\n\n\n<div class=\"wp-block-uagb-container uagb-block-870dd582\">\n<div class=\"wp-block-uagb-container uagb-block-b3f4274a\">\n<div class=\"wp-block-uagb-advanced-heading uagb-block-8863e41c\"><h2 class=\"uagb-heading-text\">Humula Playground Park<\/h2><p class=\"uagb-desc-text\">The playground park has outdoor fitness equipment for adults that utilize their own body weight and a large playground for children. An exciting pirate ship invites both small and older children to climb. A summer day is crowned with a swim at the J\u00e4tk\u00e4npuisto beach, which is within walking distance.<\/p><\/div>\n\n\n\n<div class=\"wp-block-uagb-buttons uagb-buttons__outer-wrap uagb-btn__default-btn uagb-btn-tablet__default-btn uagb-btn-mobile__default-btn uagb-block-beb28912\"><div class=\"uagb-buttons__wrap uagb-buttons-layout-wrap\">\n<div class=\"wp-block-uagb-buttons-child uagb-buttons__outer-wrap uagb-block-8f04e9b5 wp-block-button\"><div class=\"uagb-button__wrapper\"><a class=\"uagb-buttons-repeater wp-block-button__link\" aria-label=\"\" href=\"https:\/\/visitsuomussalmi.fi\/en\/reittiarkisto\/leikki-ja-liikuntapuisto-humula\/\" rel=\"follow noopener\" target=\"_blank\" role=\"button\"><div class=\"uagb-button__link\">check out humula<\/div><\/a><\/div><\/div>\n<\/div><\/div>\n<\/div>\n<\/div>\n<\/div><\/div>","protected":false},"excerpt":{"rendered":"<p>kes\u00e4aktiviteetit Suomussalmen kes\u00e4 ja upea luonto tarjoavat monipuolisia el\u00e4myksi\u00e4. Tutustu alta aktiviteetteihin ja yhteisty\u00f6kumppaneihimme. karhubongaus Martinselkosen Er\u00e4keskus j\u00e4rjest\u00e4\u00e4 ohjattuja retki\u00e4 karhubongauksen parissa. Tutustu Martinselkoseen oheisesta linkist\u00e4. retkeilypolut &amp; luontokohteet Hotellin l\u00e4heisyydess\u00e4 on monia luontokohteita, joissa ihailet maisemia patikoiden tai maastopy\u00f6r\u00e4illen p\u00e4iv\u00e4n tai useammankin verran. Tutustu retkeilypolkuihin linkist\u00e4. kes\u00e4teatteri Suomussalmen kes\u00e4teatteri on yksi Suomen suurimmista kes\u00e4teattereista, joka sijaitsee Kaunisniemen upeassa harjumaisemassa. Hotellilta saat ostettua teatteripaketteja niin yksityisille kuin ryhmillekin. Kysy lis\u00e4\u00e4 vastaanotostamme. kalastus Unohda hetkeksi arjen murheet ja l\u00e4hde kalaan! Suomussalmen perhokalastajat Ry istuttaa kirjolohta hotellin vieress\u00e4 olevaan Jalonuomaan aika-ajoin. Kalastusluvan saat ostettua hotellin vastaanotosta. Suomussalmen alueella on my\u00f6s muita upeita kalapaikkoja. Tutustu kalapaikkoihin oheisesta linkist\u00e4. sup lautailu Stand Up Paddleboarding eli tuttavallisemmin SUP-lautailu on vesilaji, jossa melotaan seisten pitk\u00e4ll\u00e4 laudalla. T\u00e4ydellinen aktiviteetti l\u00e4mpimiin kes\u00e4p\u00e4iviin. SUP- lautoja voit vuokrata vastaanotostamme. frisbeegolf Frisbeegolfia yksin tai yhdess\u00e4. Suomussalmella on kaksi frisbeegolfrataa &#8211; J\u00e4tk\u00e4npuiston 9-v\u00e4yl\u00e4inen rata sek\u00e4 18-v\u00e4yl\u00e4inen Haverisen rata. Frisbeegolfkiekkoja voit vuokrata vastaanotostamme. leikki- ja liikuntapuisto humula Leikki- ja liikuntapuistossa on aikuiselle omaa kehonpainoa hy\u00f6dynt\u00e4vi\u00e4 ulkokuntoiluv\u00e4lineit\u00e4 sek\u00e4 lapsille iso leikkipuisto. J\u00e4nnitt\u00e4v\u00e4 merirosvolaiva kutsuu niin pienet kuin isommatkin lapset kiipeilem\u00e4\u00e4n. Kes\u00e4p\u00e4iv\u00e4n kruunaa uinti k\u00e4velymatkan p\u00e4\u00e4ss\u00e4 sijaitsevalla J\u00e4tk\u00e4npuiston uimarannalla.<\/p>","protected":false},"author":2,"featured_media":0,"parent":0,"menu_order":0,"comment_status":"closed","ping_status":"closed","template":"","meta":{"_improvement_type_select":"improve_an_existing","_thumb_yes_seoaic":false,"_frame_yes_seoaic":false,"seoaic_generate_description":"","seoaic_improve_instructions_prompt":"","seoaic_rollback_content_improvement":"","seoaic_idea_thumbnail_generator":"","thumbnail_generated":false,"thumbnail_generate_prompt":"","seoaic_article_description":"","_uag_custom_page_level_css":"","site-sidebar-layout":"default","site-content-layout":"","ast-site-content-layout":"default","site-content-style":"default","site-sidebar-style":"default","ast-global-header-display":"","ast-banner-title-visibility":"","ast-main-header-display":"","ast-hfb-above-header-display":"","ast-hfb-below-header-display":"","ast-hfb-mobile-header-display":"","site-post-title":"disabled","ast-breadcrumbs-content":"","ast-featured-img":"","footer-sml-layout":"","theme-transparent-header-meta":"","adv-header-id-meta":"","stick-header-meta":"","header-above-stick-meta":"","header-main-stick-meta":"","header-below-stick-meta":"","astra-migrate-meta-layouts":"set","ast-page-background-enabled":"default","ast-page-background-meta":{"desktop":{"background-color":"","background-image":"","background-repeat":"repeat","background-position":"center center","background-size":"auto","background-attachment":"scroll","background-type":"","background-media":"","overlay-type":"","overlay-color":"","overlay-opacity":"","overlay-gradient":""},"tablet":{"background-color":"","background-image":"","background-repeat":"repeat","background-position":"center center","background-size":"auto","background-attachment":"scroll","background-type":"","background-media":"","overlay-type":"","overlay-color":"","overlay-opacity":"","overlay-gradient":""},"mobile":{"background-color":"","background-image":"","background-repeat":"repeat","background-position":"center center","background-size":"auto","background-attachment":"scroll","background-type":"","background-media":"","overlay-type":"","overlay-color":"","overlay-opacity":"","overlay-gradient":""}},"ast-content-background-meta":{"desktop":{"background-color":"var(--ast-global-color-5)","background-image":"","background-repeat":"repeat","background-position":"center center","background-size":"auto","background-attachment":"scroll","background-type":"","background-media":"","overlay-type":"","overlay-color":"","overlay-opacity":"","overlay-gradient":""},"tablet":{"background-color":"var(--ast-global-color-5)","background-image":"","background-repeat":"repeat","background-position":"center center","background-size":"auto","background-attachment":"scroll","background-type":"","background-media":"","overlay-type":"","overlay-color":"","overlay-opacity":"","overlay-gradient":""},"mobile":{"background-color":"var(--ast-global-color-5)","background-image":"","background-repeat":"repeat","background-position":"center center","background-size":"auto","background-attachment":"scroll","background-type":"","background-media":"","overlay-type":"","overlay-color":"","overlay-opacity":"","overlay-gradient":""}},"footnotes":""},"class_list":["post-3194","page","type-page","status-publish","hentry"],"aioseo_notices":[],"uagb_featured_image_src":{"full":false,"thumbnail":false,"medium":false,"medium_large":false,"large":false,"1536x1536":false,"2048x2048":false,"trp-custom-language-flag":false},"uagb_author_info":{"display_name":"johannamaaria.korhonen@gmail.com","author_link":"https:\/\/kiannonkuohut.fi\/en\/author\/johannamaaria-korhonengmail-com\/"},"uagb_comment_info":0,"uagb_excerpt":"kes\u00e4aktiviteetit Suomussalmen kes\u00e4 ja upea luonto tarjoavat monipuolisia el\u00e4myksi\u00e4. Tutustu alta aktiviteetteihin ja yhteisty\u00f6kumppaneihimme. karhubongaus Martinselkosen Er\u00e4keskus j\u00e4rjest\u00e4\u00e4 ohjattuja retki\u00e4 karhubongauksen parissa. Tutustu Martinselkoseen oheisesta linkist\u00e4. retkeilypolut &amp; luontokohteet Hotellin l\u00e4heisyydess\u00e4 on monia luontokohteita, joissa ihailet maisemia patikoiden tai maastopy\u00f6r\u00e4illen p\u00e4iv\u00e4n tai useammankin verran. Tutustu retkeilypolkuihin linkist\u00e4. kes\u00e4teatteri Suomussalmen kes\u00e4teatteri on yksi Suomen suurimmista kes\u00e4teattereista,&hellip;","_links":{"self":[{"href":"https:\/\/kiannonkuohut.fi\/en\/wp-json\/wp\/v2\/pages\/3194","targetHints":{"allow":["GET"]}}],"collection":[{"href":"https:\/\/kiannonkuohut.fi\/en\/wp-json\/wp\/v2\/pages"}],"about":[{"href":"https:\/\/kiannonkuohut.fi\/en\/wp-json\/wp\/v2\/types\/page"}],"author":[{"embeddable":true,"href":"https:\/\/kiannonkuohut.fi\/en\/wp-json\/wp\/v2\/users\/2"}],"replies":[{"embeddable":true,"href":"https:\/\/kiannonkuohut.fi\/en\/wp-json\/wp\/v2\/comments?post=3194"}],"version-history":[{"count":39,"href":"https:\/\/kiannonkuohut.fi\/en\/wp-json\/wp\/v2\/pages\/3194\/revisions"}],"predecessor-version":[{"id":3541,"href":"https:\/\/kiannonkuohut.fi\/en\/wp-json\/wp\/v2\/pages\/3194\/revisions\/3541"}],"wp:attachment":[{"href":"https:\/\/kiannonkuohut.fi\/en\/wp-json\/wp\/v2\/media?parent=3194"}],"curies":[{"name":"wp","href":"https:\/\/api.w.org\/{rel}","templated":true}]}}