{"id":2674,"date":"2025-06-13T12:06:41","date_gmt":"2025-06-13T12:06:41","guid":{"rendered":"https:\/\/kiannonkuohut.fi\/?page_id=2674"},"modified":"2025-12-16T14:31:43","modified_gmt":"2025-12-16T14:31:43","slug":"yleista","status":"publish","type":"page","link":"https:\/\/kiannonkuohut.fi\/en\/yleista\/","title":{"rendered":"general"},"content":{"rendered":"<div class=\"wp-block-uagb-container uagb-block-46435dbc alignfull uagb-is-root-container\"><div class=\"uagb-container-inner-blocks-wrap\"><\/div><\/div>\n\n\n\n<div class=\"wp-block-uagb-container uagb-block-c6aee955 alignfull uagb-is-root-container\"><div class=\"uagb-container-inner-blocks-wrap\">\n<div class=\"wp-block-uagb-advanced-heading uagb-block-a5570204\"><h2 class=\"uagb-heading-text\"><br>general information<\/h2><p class=\"uagb-desc-text\">Aamiainen tarjoillaan  hotellin ravintolassa Ma &#8211; Pe klo 07:00 &#8211; 09:30 ja La &#8211; Su 08:00 &#8211; 11:00<br><br>Sis\u00e4\u00e4nkirjautuminen hotelliin on normaali aukiolojen aikaan Ma &#8211; La alkaen klo 16:00 ja uloskirjautuminen l\u00e4ht\u00f6p\u00e4iv\u00e4n\u00e4 klo 12:00 menness\u00e4. Huoneen avainkortit luovutetaan vastaanottoon. Sovithan my\u00f6h\u00e4isemm\u00e4st\u00e4 luovutuksesta vastaanottomme kanssa &#8211; t\u00e4st\u00e4 veloitamme hinnastomme mukaisen maksun.<br><br>Everyone staying in the room must complete a statutory passenger declaration. People living in the same household can fill out their information on the same passenger declaration.<br><br>Lemmikit ovat sallittuja ainoastaan lemmikkihuoneissa. Lemmikeist\u00e4 veloitamme lis\u00e4maksun 10 \u20ac \/ vrk.<br><br>The customer is liable for compensation if they damage the hotel's property.<br><br>Smoking in hotel rooms and on balconies is strictly prohibited. Smoking may cause an unnecessary fire alarm, in which case we will have to charge the customer for the resulting costs.<br><br>Hotel staff has the right to remove a disruptive customer from the hotel premises.<br><br>Please follow the hotel's rules and good manners - also taking other guests into consideration.<br><br>We wish you a pleasant stay and warmly welcome you again!<\/p><\/div>\n\n\n\n<div class=\"wp-block-uagb-buttons uagb-buttons__outer-wrap uagb-btn__default-btn uagb-btn-tablet__default-btn uagb-btn-mobile__default-btn uagb-block-0120e2e6\"><div class=\"uagb-buttons__wrap uagb-buttons-layout-wrap\">\n<div class=\"wp-block-uagb-buttons-child uagb-buttons__outer-wrap uagb-block-bead5ffb wp-block-button\"><div class=\"uagb-button__wrapper\"><a class=\"uagb-buttons-repeater wp-block-button__link\" aria-label=\"\" href=\"https:\/\/cloud.hotellinx.com\/NetReservationsKiannonkuohut\" rel=\"follow noopener\" target=\"_self\" role=\"button\"><div class=\"uagb-button__link\">book a room<\/div><\/a><\/div><\/div>\n<\/div><\/div>\n<\/div><\/div>","protected":false},"excerpt":{"rendered":"<p>yleist\u00e4 tietoa hotellin k\u00e4yt\u00e4nn\u00f6ist\u00e4 Aamiainen tarjoillaan hotellin ravintolassa Ma &#8211; Pe klo 07:00 &#8211; 09:30 ja La &#8211; Su 08:00 &#8211; 11:00 Sis\u00e4\u00e4nkirjautuminen hotelliin on normaali aukiolojen aikaan Ma &#8211; La alkaen klo 16:00 ja uloskirjautuminen l\u00e4ht\u00f6p\u00e4iv\u00e4n\u00e4 klo 12:00 menness\u00e4. Huoneen avainkortit luovutetaan vastaanottoon. Sovithan my\u00f6h\u00e4isemm\u00e4st\u00e4 luovutuksesta vastaanottomme kanssa &#8211; t\u00e4st\u00e4 veloitamme hinnastomme mukaisen maksun. Jokaisen huoneessa majoittuvan tulee t\u00e4ytt\u00e4\u00e4 lakis\u00e4\u00e4teinen matkustajailmoitus. Samassa taloudessa asuvat henkil\u00f6t voivat t\u00e4ytt\u00e4\u00e4 tietonsa samaan matkustajailmoitukseen. Lemmikit ovat sallittuja ainoastaan lemmikkihuoneissa. Lemmikeist\u00e4 veloitamme lis\u00e4maksun 10 \u20ac \/ vrk. Asiakas on korvausvelvollinen vahingoittaessaan hotellin omaisuutta. Tupakoiminen hotellihuoneissa ja parvekkeilla on ehdottomasti kielletty. Tupakointi voi aiheuttaa aiheettoman paloh\u00e4lytyksen, jolloin joudumme veloittamaan t\u00e4st\u00e4 aiheutuneet kulut asiakkaalta. Hotellin henkil\u00f6kunnalla on oikeus poistaa h\u00e4iritsev\u00e4sti k\u00e4ytt\u00e4ytyv\u00e4 asiakas hotellin tiloista. Noudatathan hotellin s\u00e4\u00e4nt\u00f6j\u00e4 sek\u00e4 hyvi\u00e4 k\u00e4yt\u00f6stapoja &#8211; my\u00f6skin muut asiakkaat huomioiden. Toivotamme mukavaa majoittumista ja l\u00e4mpim\u00e4sti tervetuloa uudelleen!<\/p>","protected":false},"author":2,"featured_media":0,"parent":0,"menu_order":0,"comment_status":"closed","ping_status":"closed","template":"","meta":{"_improvement_type_select":"improve_an_existing","_thumb_yes_seoaic":false,"_frame_yes_seoaic":false,"seoaic_generate_description":"","seoaic_improve_instructions_prompt":"","seoaic_rollback_content_improvement":"","seoaic_idea_thumbnail_generator":"","thumbnail_generated":false,"thumbnail_generate_prompt":"","seoaic_article_description":"","_uag_custom_page_level_css":"","site-sidebar-layout":"default","site-content-layout":"","ast-site-content-layout":"default","site-content-style":"default","site-sidebar-style":"default","ast-global-header-display":"","ast-banner-title-visibility":"","ast-main-header-display":"","ast-hfb-above-header-display":"","ast-hfb-below-header-display":"","ast-hfb-mobile-header-display":"","site-post-title":"disabled","ast-breadcrumbs-content":"","ast-featured-img":"","footer-sml-layout":"","theme-transparent-header-meta":"","adv-header-id-meta":"","stick-header-meta":"","header-above-stick-meta":"","header-main-stick-meta":"","header-below-stick-meta":"","astra-migrate-meta-layouts":"set","ast-page-background-enabled":"default","ast-page-background-meta":{"desktop":{"background-color":"","background-image":"","background-repeat":"repeat","background-position":"center center","background-size":"auto","background-attachment":"scroll","background-type":"","background-media":"","overlay-type":"","overlay-color":"","overlay-opacity":"","overlay-gradient":""},"tablet":{"background-color":"","background-image":"","background-repeat":"repeat","background-position":"center center","background-size":"auto","background-attachment":"scroll","background-type":"","background-media":"","overlay-type":"","overlay-color":"","overlay-opacity":"","overlay-gradient":""},"mobile":{"background-color":"","background-image":"","background-repeat":"repeat","background-position":"center center","background-size":"auto","background-attachment":"scroll","background-type":"","background-media":"","overlay-type":"","overlay-color":"","overlay-opacity":"","overlay-gradient":""}},"ast-content-background-meta":{"desktop":{"background-color":"var(--ast-global-color-5)","background-image":"","background-repeat":"repeat","background-position":"center center","background-size":"auto","background-attachment":"scroll","background-type":"","background-media":"","overlay-type":"","overlay-color":"","overlay-opacity":"","overlay-gradient":""},"tablet":{"background-color":"var(--ast-global-color-5)","background-image":"","background-repeat":"repeat","background-position":"center center","background-size":"auto","background-attachment":"scroll","background-type":"","background-media":"","overlay-type":"","overlay-color":"","overlay-opacity":"","overlay-gradient":""},"mobile":{"background-color":"var(--ast-global-color-5)","background-image":"","background-repeat":"repeat","background-position":"center center","background-size":"auto","background-attachment":"scroll","background-type":"","background-media":"","overlay-type":"","overlay-color":"","overlay-opacity":"","overlay-gradient":""}},"footnotes":""},"class_list":["post-2674","page","type-page","status-publish","hentry"],"aioseo_notices":[],"uagb_featured_image_src":{"full":false,"thumbnail":false,"medium":false,"medium_large":false,"large":false,"1536x1536":false,"2048x2048":false,"trp-custom-language-flag":false},"uagb_author_info":{"display_name":"johannamaaria.korhonen@gmail.com","author_link":"https:\/\/kiannonkuohut.fi\/en\/author\/johannamaaria-korhonengmail-com\/"},"uagb_comment_info":0,"uagb_excerpt":"yleist\u00e4 tietoa hotellin k\u00e4yt\u00e4nn\u00f6ist\u00e4 Aamiainen tarjoillaan hotellin ravintolassa Ma &#8211; Pe klo 07:00 &#8211; 09:30 ja La &#8211; Su 08:00 &#8211; 11:00 Sis\u00e4\u00e4nkirjautuminen hotelliin on normaali aukiolojen aikaan Ma &#8211; La alkaen klo 16:00 ja uloskirjautuminen l\u00e4ht\u00f6p\u00e4iv\u00e4n\u00e4 klo 12:00 menness\u00e4. Huoneen avainkortit luovutetaan vastaanottoon. Sovithan my\u00f6h\u00e4isemm\u00e4st\u00e4 luovutuksesta vastaanottomme kanssa &#8211; t\u00e4st\u00e4 veloitamme hinnastomme mukaisen maksun.&hellip;","_links":{"self":[{"href":"https:\/\/kiannonkuohut.fi\/en\/wp-json\/wp\/v2\/pages\/2674","targetHints":{"allow":["GET"]}}],"collection":[{"href":"https:\/\/kiannonkuohut.fi\/en\/wp-json\/wp\/v2\/pages"}],"about":[{"href":"https:\/\/kiannonkuohut.fi\/en\/wp-json\/wp\/v2\/types\/page"}],"author":[{"embeddable":true,"href":"https:\/\/kiannonkuohut.fi\/en\/wp-json\/wp\/v2\/users\/2"}],"replies":[{"embeddable":true,"href":"https:\/\/kiannonkuohut.fi\/en\/wp-json\/wp\/v2\/comments?post=2674"}],"version-history":[{"count":12,"href":"https:\/\/kiannonkuohut.fi\/en\/wp-json\/wp\/v2\/pages\/2674\/revisions"}],"predecessor-version":[{"id":3587,"href":"https:\/\/kiannonkuohut.fi\/en\/wp-json\/wp\/v2\/pages\/2674\/revisions\/3587"}],"wp:attachment":[{"href":"https:\/\/kiannonkuohut.fi\/en\/wp-json\/wp\/v2\/media?parent=2674"}],"curies":[{"name":"wp","href":"https:\/\/api.w.org\/{rel}","templated":true}]}}