{"id":2478,"date":"2025-06-02T10:40:07","date_gmt":"2025-06-02T10:40:07","guid":{"rendered":"https:\/\/kiannonkuohut.fi\/?page_id=2478"},"modified":"2025-07-07T08:51:08","modified_gmt":"2025-07-07T08:51:08","slug":"evasteita-koskevat-ehdot","status":"publish","type":"page","link":"https:\/\/kiannonkuohut.fi\/en\/evasteita-koskevat-ehdot\/","title":{"rendered":"Cookies on the terms and conditions"},"content":{"rendered":"<div class=\"wp-block-uagb-container uagb-block-47538915 alignwide uagb-is-root-container\"><\/div>\n\n\n\n<div class=\"wp-block-uagb-container uagb-block-a5a90253 alignfull uagb-is-root-container\"><div class=\"uagb-container-inner-blocks-wrap\">\n<div class=\"wp-block-uagb-advanced-heading uagb-block-70003411\"><h2 class=\"uagb-heading-text\">cookie policy<br><\/h2><\/div>\n\n\n\n<div class=\"wp-block-uagb-advanced-heading uagb-block-cd50870b\"><h3 class=\"uagb-heading-text\"><br>General<\/h3><p class=\"uagb-desc-text\">This website uses cookies. A cookie is a small text file that is stored in your browser and allows your browser to remember information you have entered between different sessions and page visits. Cookies allow the website to remember information you have entered. This makes the website more user-friendly and allows us to develop it to meet the needs of our customers.<br><br><\/p><\/div>\n\n\n\n<div class=\"wp-block-uagb-advanced-heading uagb-block-59c8ac26\"><h3 class=\"uagb-heading-text\">what are cookies<\/h3><p class=\"uagb-desc-text\">Ev\u00e4steet ovat pieni\u00e4 tekstitiedostoja, joita eri internet-sivustot luovat. Ne s\u00e4il\u00f6v\u00e4t istuntokohtaisia tietoja, joista voi olla hy\u00f6ty\u00e4 my\u00f6hemmin. N\u00e4m\u00e4 tiedostot s\u00e4ilytt\u00e4v\u00e4t tietosi sivujen v\u00e4lill\u00e4, sek\u00e4 analysoivat k\u00e4ytt\u00e4ytymisesi sivustolla.<br><br>Cookies are completely secure \u2013 they can only store information that the browser transmits, i.e. information that the user has entered into the browser or that is included in the page you have viewed. They cannot execute code and cannot be used to access your computer. If a website stores information in a cookie, only that website can access that information.<br><br>Persistent cookies are used to store information between your visits. This allows the site to recognize a returning visitor and respond appropriately. Persistent cookies can store information from a few minutes to several years.<br><br><\/p><\/div>\n\n\n\n<div class=\"wp-block-uagb-advanced-heading uagb-block-d0666b7e\"><h3 class=\"uagb-heading-text\">why are cookies used for<\/h3><p class=\"uagb-desc-text\">Websites use cookies to maintain your session while you visit the site. They help the site suggest content that you might like.<br><br>Google uses cookies to analyze the behavior of site visitors on that site. This gives us valuable insight that helps us improve the site and the products and services we offer.<br><br><\/p><\/div>\n\n\n\n<div class=\"wp-block-uagb-advanced-heading uagb-block-a2368667\"><h3 class=\"uagb-heading-text\">deleting and blocking cookies<\/h3><p class=\"uagb-desc-text\">All Internet browsers have the ability to restrict or block the behavior of cookies by changing the browser settings. The necessary settings changes vary by browser. You can find instructions in your browser's help function.<br><br>If you wish, you can view the cookies already on your computer and delete them individually or all at once. Cookies are text files and may not be readable in a human-readable format. The information in them is often encoded and the numbers are displayed in your browser when you open your session.<br><br>If cookies are completely blocked, we cannot guarantee that our website will function completely correctly.<br><br><\/p><\/div>\n\n\n\n<div class=\"wp-block-uagb-buttons uagb-buttons__outer-wrap uagb-btn__default-btn uagb-btn-tablet__default-btn uagb-btn-mobile__default-btn uagb-block-0885c451\"><div class=\"uagb-buttons__wrap uagb-buttons-layout-wrap\">\n<div class=\"wp-block-uagb-buttons-child uagb-buttons__outer-wrap uagb-block-a3f1c8e5 wp-block-button\"><div class=\"uagb-button__wrapper\"><a class=\"uagb-buttons-repeater wp-block-button__link\" aria-label=\"\" href=\"https:\/\/kiannonkuohut.fi\/en\/tietoturvaseloste\/\" rel=\"follow noopener\" target=\"_self\" role=\"button\"><div class=\"uagb-button__link\">privacy policy<\/div><\/a><\/div><\/div>\n<\/div><\/div>\n<\/div><\/div>","protected":false},"excerpt":{"rendered":"<p>ev\u00e4steit\u00e4 koskevat ehdot yleist\u00e4 tietoa T\u00e4m\u00e4 sivusto k\u00e4ytt\u00e4\u00e4 ev\u00e4steit\u00e4 (cookies). Ev\u00e4ste on pieni tekstitiedosto, joka tallentuu selaimellesi ja mahdollistaa siten selaimesi muistavan sy\u00f6tetyn tiedon eri istuntojen ja sivuvierailujen v\u00e4lill\u00e4. Ev\u00e4steiden ansiosta sivusto muistaa sille sy\u00f6tettyj\u00e4 tietoja. T\u00e4m\u00e4n ansioista sivusto on k\u00e4ytt\u00e4j\u00e4yst\u00e4v\u00e4llisempi ja voimme kehitt\u00e4\u00e4 sit\u00e4 vastaamaan asiakkaidemme tarpeita. mit\u00e4 ovat ev\u00e4steet Ev\u00e4steet ovat pieni\u00e4 tekstitiedostoja, joita eri internet-sivustot luovat. Ne s\u00e4il\u00f6v\u00e4t istuntokohtaisia tietoja, joista voi olla hy\u00f6ty\u00e4 my\u00f6hemmin. N\u00e4m\u00e4 tiedostot s\u00e4ilytt\u00e4v\u00e4t tietosi sivujen v\u00e4lill\u00e4, sek\u00e4 analysoivat k\u00e4ytt\u00e4ytymisesi sivustolla. Ev\u00e4steet ovat t\u00e4ysin turvallisia \u2013 ne voivat s\u00e4il\u00f6\u00e4 vain tietoja jotka selain v\u00e4litt\u00e4\u00e4 eli tietoja, jotka k\u00e4ytt\u00e4j\u00e4 on selaimelle sy\u00f6tt\u00e4nyt tai jotka on sis\u00e4llytetty haetulle sivulle. Ne eiv\u00e4t voi suorittaa koodia eik\u00e4 niiden avulla voi p\u00e4\u00e4st\u00e4 koneellesi. Mik\u00e4li sivusto tallentaa tiedon ev\u00e4steeseen, vain kyseinen sivusto voi k\u00e4ytt\u00e4\u00e4 t\u00e4t\u00e4 tietoa. Pysyvi\u00e4 ev\u00e4steit\u00e4 k\u00e4ytet\u00e4\u00e4n s\u00e4il\u00f6m\u00e4\u00e4n tietoja vierailujesi v\u00e4lill\u00e4. T\u00e4m\u00e4n avulla sivusto tunnistaa palaavan vierailijan ja reagoi oikein. Pysyv\u00e4t ev\u00e4steet voivat s\u00e4il\u00f6\u00e4 tietoa muutamista minuuteista useisiin vuosiin. miksi ev\u00e4steit\u00e4 k\u00e4ytet\u00e4\u00e4n Sivustot k\u00e4ytt\u00e4v\u00e4t ev\u00e4steit\u00e4 s\u00e4ilytt\u00e4m\u00e4ll\u00e4 istuntosi sen ajan kun vierailet sivustolla. Niiden avulla sivusto ehdottaa sellaista sis\u00e4lt\u00f6\u00e4 kuin toivot. Google k\u00e4ytt\u00e4\u00e4 ev\u00e4steit\u00e4 analysoidakseen sivuston vierailijoiden k\u00e4ytt\u00e4ytymist\u00e4 kyseisell\u00e4 sivustolla. T\u00e4ten saamme arvokasta n\u00e4kemyst\u00e4, jonka avulla voimme kehitt\u00e4\u00e4 sivustoa sek\u00e4 tarjoamiamme tuotteita ja palveluita. ev\u00e4steiden poisto ja est\u00e4minen Kaikilla Internet -selaimilla on mahdollisuus rajoittaa ev\u00e4steiden k\u00e4ytt\u00e4ytymist\u00e4 tai est\u00e4\u00e4 ne muuttamalla selaimen asetuksia. Tarvittavien asetusten muutokset vaihtelevat selainkohtaisesti. L\u00f6yd\u00e4t ohjeet selaimesi ohjetoiminnosta. Halutessasi voit tarkastella koneellasi jo olevia ev\u00e4steit\u00e4 ja poistaa niit\u00e4 yksitellen tai kaikki kerralla. Ev\u00e4steet ovat tekstitiedostoja eiv\u00e4tk\u00e4 ne v\u00e4ltt\u00e4m\u00e4tt\u00e4 ole luettavissa ymm\u00e4rrett\u00e4v\u00e4ss\u00e4 muodossa. Tieto niiss\u00e4 on usein koodattua ja numerot avautuvat selaimellesi istuntosi avautuessa. Mik\u00e4li ev\u00e4steet on kokonaan estetty, emme pysty takaamaan, ett\u00e4 sivustomme toimii t\u00e4ysin oikein.<\/p>","protected":false},"author":2,"featured_media":0,"parent":0,"menu_order":0,"comment_status":"closed","ping_status":"closed","template":"","meta":{"_improvement_type_select":"improve_an_existing","_thumb_yes_seoaic":false,"_frame_yes_seoaic":false,"seoaic_generate_description":"","seoaic_improve_instructions_prompt":"","seoaic_rollback_content_improvement":"","seoaic_idea_thumbnail_generator":"","thumbnail_generated":false,"thumbnail_generate_prompt":"","seoaic_article_description":"","_uag_custom_page_level_css":"","site-sidebar-layout":"default","site-content-layout":"","ast-site-content-layout":"default","site-content-style":"default","site-sidebar-style":"default","ast-global-header-display":"","ast-banner-title-visibility":"","ast-main-header-display":"","ast-hfb-above-header-display":"","ast-hfb-below-header-display":"","ast-hfb-mobile-header-display":"","site-post-title":"disabled","ast-breadcrumbs-content":"","ast-featured-img":"","footer-sml-layout":"","theme-transparent-header-meta":"","adv-header-id-meta":"","stick-header-meta":"","header-above-stick-meta":"","header-main-stick-meta":"","header-below-stick-meta":"","astra-migrate-meta-layouts":"set","ast-page-background-enabled":"default","ast-page-background-meta":{"desktop":{"background-color":"","background-image":"","background-repeat":"repeat","background-position":"center center","background-size":"auto","background-attachment":"scroll","background-type":"","background-media":"","overlay-type":"","overlay-color":"","overlay-opacity":"","overlay-gradient":""},"tablet":{"background-color":"","background-image":"","background-repeat":"repeat","background-position":"center center","background-size":"auto","background-attachment":"scroll","background-type":"","background-media":"","overlay-type":"","overlay-color":"","overlay-opacity":"","overlay-gradient":""},"mobile":{"background-color":"","background-image":"","background-repeat":"repeat","background-position":"center center","background-size":"auto","background-attachment":"scroll","background-type":"","background-media":"","overlay-type":"","overlay-color":"","overlay-opacity":"","overlay-gradient":""}},"ast-content-background-meta":{"desktop":{"background-color":"var(--ast-global-color-5)","background-image":"","background-repeat":"repeat","background-position":"center center","background-size":"auto","background-attachment":"scroll","background-type":"","background-media":"","overlay-type":"","overlay-color":"","overlay-opacity":"","overlay-gradient":""},"tablet":{"background-color":"var(--ast-global-color-5)","background-image":"","background-repeat":"repeat","background-position":"center center","background-size":"auto","background-attachment":"scroll","background-type":"","background-media":"","overlay-type":"","overlay-color":"","overlay-opacity":"","overlay-gradient":""},"mobile":{"background-color":"var(--ast-global-color-5)","background-image":"","background-repeat":"repeat","background-position":"center center","background-size":"auto","background-attachment":"scroll","background-type":"","background-media":"","overlay-type":"","overlay-color":"","overlay-opacity":"","overlay-gradient":""}},"footnotes":""},"class_list":["post-2478","page","type-page","status-publish","hentry"],"aioseo_notices":[],"uagb_featured_image_src":{"full":false,"thumbnail":false,"medium":false,"medium_large":false,"large":false,"1536x1536":false,"2048x2048":false,"trp-custom-language-flag":false},"uagb_author_info":{"display_name":"johannamaaria.korhonen@gmail.com","author_link":"https:\/\/kiannonkuohut.fi\/en\/author\/johannamaaria-korhonengmail-com\/"},"uagb_comment_info":0,"uagb_excerpt":"ev\u00e4steit\u00e4 koskevat ehdot yleist\u00e4 tietoa T\u00e4m\u00e4 sivusto k\u00e4ytt\u00e4\u00e4 ev\u00e4steit\u00e4 (cookies). Ev\u00e4ste on pieni tekstitiedosto, joka tallentuu selaimellesi ja mahdollistaa siten selaimesi muistavan sy\u00f6tetyn tiedon eri istuntojen ja sivuvierailujen v\u00e4lill\u00e4. Ev\u00e4steiden ansiosta sivusto muistaa sille sy\u00f6tettyj\u00e4 tietoja. T\u00e4m\u00e4n ansioista sivusto on k\u00e4ytt\u00e4j\u00e4yst\u00e4v\u00e4llisempi ja voimme kehitt\u00e4\u00e4 sit\u00e4 vastaamaan asiakkaidemme tarpeita. mit\u00e4 ovat ev\u00e4steet Ev\u00e4steet ovat pieni\u00e4 tekstitiedostoja,&hellip;","_links":{"self":[{"href":"https:\/\/kiannonkuohut.fi\/en\/wp-json\/wp\/v2\/pages\/2478","targetHints":{"allow":["GET"]}}],"collection":[{"href":"https:\/\/kiannonkuohut.fi\/en\/wp-json\/wp\/v2\/pages"}],"about":[{"href":"https:\/\/kiannonkuohut.fi\/en\/wp-json\/wp\/v2\/types\/page"}],"author":[{"embeddable":true,"href":"https:\/\/kiannonkuohut.fi\/en\/wp-json\/wp\/v2\/users\/2"}],"replies":[{"embeddable":true,"href":"https:\/\/kiannonkuohut.fi\/en\/wp-json\/wp\/v2\/comments?post=2478"}],"version-history":[{"count":23,"href":"https:\/\/kiannonkuohut.fi\/en\/wp-json\/wp\/v2\/pages\/2478\/revisions"}],"predecessor-version":[{"id":3424,"href":"https:\/\/kiannonkuohut.fi\/en\/wp-json\/wp\/v2\/pages\/2478\/revisions\/3424"}],"wp:attachment":[{"href":"https:\/\/kiannonkuohut.fi\/en\/wp-json\/wp\/v2\/media?parent=2478"}],"curies":[{"name":"wp","href":"https:\/\/api.w.org\/{rel}","templated":true}]}}