{"id":2476,"date":"2025-06-04T10:47:37","date_gmt":"2025-06-04T10:47:37","guid":{"rendered":"https:\/\/kiannonkuohut.fi\/?page_id=2476"},"modified":"2025-09-23T09:49:17","modified_gmt":"2025-09-23T09:49:17","slug":"hinnat-ja-varausehdot","status":"publish","type":"page","link":"https:\/\/kiannonkuohut.fi\/en\/hinnat-ja-varausehdot\/","title":{"rendered":"Rates &amp; booking conditions"},"content":{"rendered":"<div class=\"wp-block-uagb-container uagb-block-ae3cb9d9 alignfull uagb-is-root-container\"><div class=\"uagb-container-inner-blocks-wrap\"><\/div><\/div>\n\n\n\n<div class=\"wp-block-uagb-container uagb-block-a5a90253 alignfull uagb-is-root-container\"><div class=\"uagb-container-inner-blocks-wrap\">\n<div class=\"wp-block-uagb-advanced-heading uagb-block-b64c802b\"><h2 class=\"uagb-heading-text\">booking and cancellation terms and conditions<\/h2><\/div>\n\n\n\n<div class=\"wp-block-uagb-advanced-heading uagb-block-70003411\"><h3 class=\"uagb-heading-text\"><br><br>booking and cancellation terms and conditions \u2013 accommodation<\/h3><p class=\"uagb-desc-text\"><br>Cancellation of accommodation booked by private individuals and companies is free of charge for the booker until 6:00 PM on the day of arrival.<br>After this, the reservation cannot be canceled, but will be charged in full according to the content of the reservation and the current price list.<br><br><\/p><\/div>\n\n\n\n<div class=\"wp-block-uagb-advanced-heading uagb-block-59c8ac26\"><h3 class=\"uagb-heading-text\">booking and cancellation terms and conditions - staying group<\/h3><p class=\"uagb-desc-text\"><br>The group size is at least 20 people. There is one person in charge in the group who requests a quote, confirms the order, and handles payments in total on behalf of the entire group. Payments can be made on site or invoiced to the address of your choice. Invoicing fee \u20ac10.<br><br>Group offer price lists do not apply to customers paying separately.<br>Confirmation of preliminary booking no later than three weeks before arrival.<br><br>Cancellation fee <br>21 days before booking \u2013 cancellation without fees<br>20-14 days before booking \u2013 cancellation fee 50% of the booking<br>less than 14 days before booking \u2013 cancellation fees 100% of the booking<br><br>Please inform us no later than two weeks before the arrival date<br>\u2013 the final number of people<br>\u2013 occupancy list for room sharing<br>\u2013 possible food allergies<br>\u2013 payment method (cash, card payment or invoicing. Invoicing fee \u20ac10)<br>\u2013 the group's schedule (arrival and departure times, possible dining times and other important schedules)<br><br>We will charge accommodation and any ordered meals two weeks before your stay according to the number of people confirmed. We will invoice alcoholic beverages according to the quantity ordered.<br><br><\/p><\/div>\n\n\n\n<div class=\"wp-block-uagb-advanced-heading uagb-block-d0666b7e\"><h3 class=\"uagb-heading-text\">booking and cancellation terms and conditions \u2013 dining and meetings<\/h3><p class=\"uagb-desc-text\"><br>The group size is at least 20 people. There is one person in charge in the group who requests a quote, confirms the order, and handles payments in total on behalf of the entire group. Payments can be made on site or invoiced to the address of your choice. Invoicing fee \u20ac10.<br><br>Group offer price lists do not apply to customers paying separately.<br>Preliminary confirmation of booking no later than 3 weeks prior to arrival.<br><br>Cancellation fee<br>21 days before booking \u2013 cancellation without fees<br>20-14 days before booking \u2013 cancellation fee 50% of the booking<br>less than 14 days before booking \u2013 cancellation fees 100% of the booking<br><br>Please inform us no later than 2 weeks before arrival date<br>\u2013 the final number of people<br>\u2013 possible food allergies<br>\u2013 dining times<br>\u2013 payment method (cash, card payment or invoicing. Invoicing fee \u20ac10)<br><br>We will invoice the ordered food according to the number of people confirmed two weeks before the reservation. We will invoice alcoholic beverages according to the quantity ordered.<br><br><\/p><\/div>\n\n\n\n<div class=\"wp-block-uagb-buttons uagb-buttons__outer-wrap uagb-btn__default-btn uagb-btn-tablet__default-btn uagb-btn-mobile__default-btn uagb-block-0885c451\"><div class=\"uagb-buttons__wrap uagb-buttons-layout-wrap\">\n<div class=\"wp-block-uagb-buttons-child uagb-buttons__outer-wrap uagb-block-a3f1c8e5 wp-block-button\"><div class=\"uagb-button__wrapper\"><a class=\"uagb-buttons-repeater wp-block-button__link\" aria-label=\"\" href=\"https:\/\/cloud.hotellinx.com\/NetReservationsKiannonkuohut\/Rooms\/GetRooms\" rel=\"follow noopener\" target=\"_self\" role=\"button\"><div class=\"uagb-button__link\">book here<\/div><\/a><\/div><\/div>\n<\/div><\/div>\n<\/div><\/div>\n\n\n\n<p><\/p>","protected":false},"excerpt":{"rendered":"<p>varaus- ja peruutusehdot varaus- ja peruutusehdot &#8211; majoitus Yksityishenkil\u00f6iden sek\u00e4 yritysten varaamien majoitusten peruuttaminen on varaajalle maksuton saapumisp\u00e4iv\u00e4\u00e4n klo 18:00 saakka.T\u00e4m\u00e4n j\u00e4lkeen varausta ei voi perua, vaan se veloitetaan varauksen sis\u00e4ll\u00f6n ja voimassa olevan hinnaston mukaisesti t\u00e4ysim\u00e4\u00e4r\u00e4isesti. varaus- ja peruutusehdot &#8211; majoittuva ryhm\u00e4 Ryhm\u00e4n koko on v\u00e4hint\u00e4\u00e4n 20 henkil\u00f6\u00e4. Ryhm\u00e4ss\u00e4 on yksi vastuuhenkil\u00f6, joka pyyt\u00e4\u00e4 tarjouksen, vahvistaa tilauksen, hoitaa maksut yhteissummana koko ryhm\u00e4n puolesta. Maksut onnistuu suorittaa paikan p\u00e4\u00e4ll\u00e4 tai laskuttaa haluamaanne osoitteeseen. Laskutuslis\u00e4 10 \u20ac. Ryhm\u00e4tarjouksien hinnastot eiv\u00e4t koske erikseen maksavia asiakkaita.Alustavan varauksen vahvistaminen viimeist\u00e4\u00e4n kolme viikkoa ennen saapumista. PERUUTUSKULUT 21 vrk ennen varausta &#8211; peruutus ilman kuluja20-14 vrk ennen varausta \u2013 peruutuskulut 50 % varauksestaalle 14 vrk ennen varausta \u2013 peruutuskulut 100 % varauksesta Pyyd\u00e4mme ilmoittamaan viimeist\u00e4\u00e4n kaksi viikkoa ennen saapumisp\u00e4iv\u00e4\u00e4&#8211; lopullisen henkil\u00f6m\u00e4\u00e4r\u00e4n&#8211; majoittujalistan huonejaolla&#8211; mahdolliset ruoka-aineallergiat&#8211; laskun maksutapa (k\u00e4teinen, korttimaksu tai laskutus. Laskutuslis\u00e4 10 \u20ac)&#8211; ryhm\u00e4n aikataulun (saapumis- ja l\u00e4ht\u00f6aika, mahdollisten ruokailujen kellonajat sek\u00e4 muut t\u00e4rke\u00e4t aikataulut) Laskutamme majoituksen ja mahdolliset tilatut ruokailut kaksi viikkoa ennen majoittumista vahvistetun henkil\u00f6m\u00e4\u00e4r\u00e4n mukaisesti. Alkoholijuomat laskutamme tilatun m\u00e4\u00e4r\u00e4n mukaisesti. varaus- ja peruutusehdot &#8211; ruokailut ja kokoukset Ryhm\u00e4n koko on v\u00e4hint\u00e4\u00e4n 20 henkil\u00f6\u00e4. Ryhm\u00e4ss\u00e4 on yksi vastuuhenkil\u00f6, joka pyyt\u00e4\u00e4 tarjouksen, vahvistaa tilauksen, hoitaa maksut yhteissummana koko ryhm\u00e4n puolesta. Maksut onnistuu suorittaa paikanp\u00e4\u00e4ll\u00e4 tai laskuttaa haluamaanne osoitteeseen. Laskutuslis\u00e4 10 \u20ac. Ryhm\u00e4tarjouksien hinnastot eiv\u00e4t koske erikseen maksavia asiakkaita.Alustavan varauksen vahvistaminen viimeist\u00e4\u00e4n 3 viikkoa ennen saapumista. PERUUTUSKULUT21 vrk ennen varausta &#8211; peruutus ilman kuluja20-14 vrk ennen varausta \u2013 peruutuskulut 50 % varauksestaalle 14 vrk ennen varausta \u2013 peruutuskulut 100 % varauksesta Pyyd\u00e4mme ilmoittamaan viimeist\u00e4\u00e4n 2 viikkoa ennen saapumisp\u00e4iv\u00e4\u00e4&#8211; lopullisen henkil\u00f6m\u00e4\u00e4r\u00e4n&#8211; mahdolliset ruoka-aineallergiat&#8211; ruokailujen kellonajat&#8211; laskun maksutapa (k\u00e4teinen, korttimaksu tai laskutus. Laskutuslis\u00e4 10 \u20ac) Laskutamme tilatun ruuan kaksi viikkoa ennen varausta vahvistetun henkil\u00f6m\u00e4\u00e4r\u00e4n mukaisesti. Alkoholijuomat laskutamme tilatun m\u00e4\u00e4r\u00e4n mukaisesti.<\/p>","protected":false},"author":2,"featured_media":0,"parent":0,"menu_order":0,"comment_status":"closed","ping_status":"closed","template":"","meta":{"_improvement_type_select":"improve_an_existing","_thumb_yes_seoaic":false,"_frame_yes_seoaic":false,"seoaic_generate_description":"","seoaic_improve_instructions_prompt":"","seoaic_rollback_content_improvement":"","seoaic_idea_thumbnail_generator":"","thumbnail_generated":false,"thumbnail_generate_prompt":"","seoaic_article_description":"","_uag_custom_page_level_css":"","site-sidebar-layout":"default","site-content-layout":"","ast-site-content-layout":"default","site-content-style":"default","site-sidebar-style":"default","ast-global-header-display":"","ast-banner-title-visibility":"","ast-main-header-display":"","ast-hfb-above-header-display":"","ast-hfb-below-header-display":"","ast-hfb-mobile-header-display":"","site-post-title":"disabled","ast-breadcrumbs-content":"","ast-featured-img":"","footer-sml-layout":"","theme-transparent-header-meta":"","adv-header-id-meta":"","stick-header-meta":"","header-above-stick-meta":"","header-main-stick-meta":"","header-below-stick-meta":"","astra-migrate-meta-layouts":"set","ast-page-background-enabled":"default","ast-page-background-meta":{"desktop":{"background-color":"","background-image":"","background-repeat":"repeat","background-position":"center center","background-size":"auto","background-attachment":"scroll","background-type":"","background-media":"","overlay-type":"","overlay-color":"","overlay-opacity":"","overlay-gradient":""},"tablet":{"background-color":"","background-image":"","background-repeat":"repeat","background-position":"center center","background-size":"auto","background-attachment":"scroll","background-type":"","background-media":"","overlay-type":"","overlay-color":"","overlay-opacity":"","overlay-gradient":""},"mobile":{"background-color":"","background-image":"","background-repeat":"repeat","background-position":"center center","background-size":"auto","background-attachment":"scroll","background-type":"","background-media":"","overlay-type":"","overlay-color":"","overlay-opacity":"","overlay-gradient":""}},"ast-content-background-meta":{"desktop":{"background-color":"var(--ast-global-color-5)","background-image":"","background-repeat":"repeat","background-position":"center center","background-size":"auto","background-attachment":"scroll","background-type":"","background-media":"","overlay-type":"","overlay-color":"","overlay-opacity":"","overlay-gradient":""},"tablet":{"background-color":"var(--ast-global-color-5)","background-image":"","background-repeat":"repeat","background-position":"center center","background-size":"auto","background-attachment":"scroll","background-type":"","background-media":"","overlay-type":"","overlay-color":"","overlay-opacity":"","overlay-gradient":""},"mobile":{"background-color":"var(--ast-global-color-5)","background-image":"","background-repeat":"repeat","background-position":"center center","background-size":"auto","background-attachment":"scroll","background-type":"","background-media":"","overlay-type":"","overlay-color":"","overlay-opacity":"","overlay-gradient":""}},"footnotes":""},"class_list":["post-2476","page","type-page","status-publish","hentry"],"aioseo_notices":[],"uagb_featured_image_src":{"full":false,"thumbnail":false,"medium":false,"medium_large":false,"large":false,"1536x1536":false,"2048x2048":false,"trp-custom-language-flag":false},"uagb_author_info":{"display_name":"johannamaaria.korhonen@gmail.com","author_link":"https:\/\/kiannonkuohut.fi\/en\/author\/johannamaaria-korhonengmail-com\/"},"uagb_comment_info":0,"uagb_excerpt":"varaus- ja peruutusehdot varaus- ja peruutusehdot &#8211; majoitus Yksityishenkil\u00f6iden sek\u00e4 yritysten varaamien majoitusten peruuttaminen on varaajalle maksuton saapumisp\u00e4iv\u00e4\u00e4n klo 18:00 saakka.T\u00e4m\u00e4n j\u00e4lkeen varausta ei voi perua, vaan se veloitetaan varauksen sis\u00e4ll\u00f6n ja voimassa olevan hinnaston mukaisesti t\u00e4ysim\u00e4\u00e4r\u00e4isesti. varaus- ja peruutusehdot &#8211; majoittuva ryhm\u00e4 Ryhm\u00e4n koko on v\u00e4hint\u00e4\u00e4n 20 henkil\u00f6\u00e4. Ryhm\u00e4ss\u00e4 on yksi vastuuhenkil\u00f6, joka pyyt\u00e4\u00e4&hellip;","_links":{"self":[{"href":"https:\/\/kiannonkuohut.fi\/en\/wp-json\/wp\/v2\/pages\/2476","targetHints":{"allow":["GET"]}}],"collection":[{"href":"https:\/\/kiannonkuohut.fi\/en\/wp-json\/wp\/v2\/pages"}],"about":[{"href":"https:\/\/kiannonkuohut.fi\/en\/wp-json\/wp\/v2\/types\/page"}],"author":[{"embeddable":true,"href":"https:\/\/kiannonkuohut.fi\/en\/wp-json\/wp\/v2\/users\/2"}],"replies":[{"embeddable":true,"href":"https:\/\/kiannonkuohut.fi\/en\/wp-json\/wp\/v2\/comments?post=2476"}],"version-history":[{"count":30,"href":"https:\/\/kiannonkuohut.fi\/en\/wp-json\/wp\/v2\/pages\/2476\/revisions"}],"predecessor-version":[{"id":3508,"href":"https:\/\/kiannonkuohut.fi\/en\/wp-json\/wp\/v2\/pages\/2476\/revisions\/3508"}],"wp:attachment":[{"href":"https:\/\/kiannonkuohut.fi\/en\/wp-json\/wp\/v2\/media?parent=2476"}],"curies":[{"name":"wp","href":"https:\/\/api.w.org\/{rel}","templated":true}]}}