{"id":2468,"date":"2025-06-02T10:39:09","date_gmt":"2025-06-02T10:39:09","guid":{"rendered":"https:\/\/kiannonkuohut.fi\/?page_id=2468"},"modified":"2025-07-07T09:01:58","modified_gmt":"2025-07-07T09:01:58","slug":"tietoturvaseloste","status":"publish","type":"page","link":"https:\/\/kiannonkuohut.fi\/en\/tietoturvaseloste\/","title":{"rendered":"terms &amp; conditions"},"content":{"rendered":"<div class=\"wp-block-uagb-container uagb-block-616e9eec alignfull uagb-is-root-container\"><div class=\"uagb-container-inner-blocks-wrap\"><\/div><\/div>\n\n\n\n<div class=\"wp-block-uagb-container uagb-block-a5a90253 alignfull uagb-is-root-container\"><div class=\"uagb-container-inner-blocks-wrap\">\n<div class=\"wp-block-uagb-advanced-heading uagb-block-70003411\"><h2 class=\"uagb-heading-text\">Personal data act (523\/1999) \u00a7 10 and \u00a7 24 \u00a7<br><\/h2><\/div>\n\n\n\n<div class=\"wp-block-uagb-advanced-heading uagb-block-cd50870b\"><h3 class=\"uagb-heading-text\"><br><\/h3><p class=\"uagb-desc-text\">At the Kiannon Kuohu Spa Hotel (Tomi Holappa Oy, 3016925-3), we comply with the Personal Data Act (523\/1999) Section 10, Section 24, regarding the use, storage and disclosure of personal data.<br><br>The purpose of processing personal data is to store passenger data required by the Act on Accommodation and Catering Activities (Act on Accommodation and Catering Activities 2006\/308, Section 6), to enable customer service contacts, to maintain customer relationships and to conduct direct marketing when the customer has not prohibited it. We only use personal data to manage customer relationships, to manage accommodation reservations, to make payments, to monitor payments and to handle possible collections, to make restaurant reservations and to reserve conference rooms.<br><br>The information recorded in our customer register is name, address, telephone number and email address. With the customer's consent, also personal identification number. Our customer register also includes reservation information from previous reservations and, if necessary, separate billing information (companies).<br><br>The sources of information for customer data are only the information obtained from the customer himself or from an operator authorized by the customer during the booking process or using booking channels. Personal data is collected in accordance with the Personal Data Act when the customer makes room, restaurant, travel and meeting reservations. The customer has the right to prohibit the data controller from using his or her information for direct marketing.<br><br>The ban can be announced in the hotel's passenger notice or via email to&nbsp;<a href=\"mailto:hotelli@kiannonkuohut.fi\">hotelli@kiannonkuohut.fi<\/a>.<br><br>Customer information will not be disclosed for marketing or other purposes outside of the Kiannon Kuohut Spa Hotel. Nor will the information be disclosed or transferred outside the EU or the European Economic Area.<br><br>Personal data (customer register and accommodation notifications) is stored in a secure booking system service, and manual data is stored in a locked archive, which is only accessible to employees of the Spa Hotel Kiannon Kuohut who process customer data.<br><br>Every guest of our hotel has the right to inspect the information about themselves in our register. The inspection request must be made in writing, either in person at the establishment or by an officially signed letter. The inspection request cannot be made via social media, email, telephone or any other electronic means.<br><br>Everyone has the right to require registered deletion of data. In this case, the request should be submitted, signed by the registrar. The customer has the right to deny a person the id of the marking and use, as well as the right to deny him use of their information for direct marketing purposes.<br><br>The staff and management of the Kiannon Kuohut Spa Hotel will answer all questions related to personal data during the hotel's opening hours by calling<br>0300 870 307 (Call price 0.49\u20ac\/min + landline\/mobile, max 3\u20ac\/call) and by email at hotelli@kiannonkuohut.fi<br><br>Suomussalmi 19.5.2025<br><br>Joni Tolonen&nbsp;<br>Managing Director<br><br><\/p><\/div>\n<\/div><\/div>","protected":false},"excerpt":{"rendered":"<p>Henkil\u00f6tietolaki (523\/1999) 10 \u00a7 ja 24 \u00a7 Kylpyl\u00e4hotelli Kiannon Kuohuissa (Tomi Holappa Oy, 3016925-3) noudatamme henkil\u00f6tietojen k\u00e4ytt\u00f6\u00e4, s\u00e4ilytt\u00e4mist\u00e4 ja luovuttamista koskevaa lakia Henkil\u00f6tietolaki (523\/1999) 10 \u00a7 24 \u00a7. Henkil\u00f6tietojen k\u00e4sittelyn tarkoitus on majoitus- ja ravitsemustoiminnassa s\u00e4\u00e4detyn lain (Laki majoitus- ja ravitsemistoiminnasta 2006\/308 6\u00a7) velvoittamien matkustajatietojen s\u00e4ilytt\u00e4minen, asiakaspalvelun edellytt\u00e4mien yhteydenottojen mahdollistaminen, asiakassuhteen yll\u00e4pito sek\u00e4 suoramarkkinointi silloin kun asiakas ei ole sit\u00e4 kielt\u00e4nyt. Henkil\u00f6tietoja k\u00e4yt\u00e4mme ainoastaan asiakassuhteen hoitamiseen, majoitusvarausten hoitamiseen, maksamiseen, maksujen valvontaan ja mahdolliseen perinn\u00e4n hoitamiseen, ravintolavarausten tekemiseen ja kokoustilojen varaamiseen. Asiakasrekisteriimme kirjattavat tiedot ovat nimi, osoite, puhelinnumero sek\u00e4 s\u00e4hk\u00f6postiosoite. Asiakkaan suostumuksesta my\u00f6s henkil\u00f6tunnus. Asiakasrekisterimme sis\u00e4lt\u00e4\u00e4 my\u00f6s varaustiedot aikaisemmista varauksista sek\u00e4 tarvittaessa erilliset laskutustiedot (yritykset). Tietol\u00e4hteet asiakastiedoille ovat ainoastaan asiakkaalta itselt\u00e4\u00e4n tai asiakkaan suostumuksella\/valtuuttamalta toimijalta saadut varausvaiheessa tai varauskanavia k\u00e4ytt\u00e4en saadut tiedot. Henkil\u00f6tietoja ker\u00e4t\u00e4\u00e4n henkil\u00f6tietolakia noudattaen asiakkaan tehdess\u00e4 huone-, ravintola-, matka- ja kokousvarauksia. Asiakkaalla on oikeus kielt\u00e4\u00e4 rekisterinpit\u00e4j\u00e4\u00e4 k\u00e4ytt\u00e4m\u00e4st\u00e4 h\u00e4nen tietojaan suoramarkkinointiin. Kiellon voi ilmoittaa hotellin matkustajailmoituksessa tai s\u00e4hk\u00f6postin v\u00e4lityksell\u00e4 osoitteeseen&nbsp;hotelli@kiannonkuohut.fi. Asiakastietoja ei luovuteta markkinointi- tai muihin tarkoituksiin Kylpyl\u00e4hotelli Kiannon Kuohujen ulkopuolelle. Tietoja ei my\u00f6sk\u00e4\u00e4n luovuteta tai siirret\u00e4 EU:n tai Euroopan talousalueen ulkopuolelle. Henkil\u00f6tietoja (asiakasrekisteri ja majoitusilmoitukset) s\u00e4ilytet\u00e4\u00e4n suojatussa varausj\u00e4rjestelm\u00e4palvelussa sek\u00e4 manuaalisia tietoja lukitussa arkistossa, joihin on suojattu p\u00e4\u00e4sy vain Kylpyl\u00e4hotelli Kiannon Kuohujen asiakastietoja k\u00e4sittelevill\u00e4 ty\u00f6ntekij\u00f6ill\u00e4. Jokaisella hotellimme asiakkaalla on oikeus tarkastaa itse\u00e4\u00e4n koskevat tiedot rekisteriss\u00e4mme. Tarkastuspyynt\u00f6 on teht\u00e4v\u00e4 kirjallisesti joko henkil\u00f6kohtaisesti toimipaikassa tai virallisesti allekirjoitetulla kirjeell\u00e4. Tarkastuspyynt\u00f6\u00e4 ei voi tehd\u00e4 sosiaalisen median, s\u00e4hk\u00f6postin, puhelimen tai muunkaan s\u00e4hk\u00f6isen viestimen v\u00e4lityksell\u00e4. Jokaisella on oikeus vaatia rekisteriin merkittyjen tietojen poistamista. T\u00e4ll\u00f6in pyynt\u00f6 tulee toimittaa allekirjoitettuna rekisterinpit\u00e4j\u00e4lle. Asiakkaalla on oikeus kielt\u00e4\u00e4 henkil\u00f6tunnuksen merkitsemist\u00e4 ja k\u00e4ytt\u00f6\u00e4 sek\u00e4 oikeus kielt\u00e4\u00e4 h\u00e4nen tietojensa k\u00e4ytt\u00f6\u00e4 suoramarkkinointiin. Kylpyl\u00e4hotelli Kiannon Kuohujen henkil\u00f6st\u00f6 ja johto vastaa kaikkiin henkil\u00f6tietoihin liittyviin kysymyksiin hotellin aukioloaikoina puhelinnumerossa0300 870 307 (Puhelun hinta 0,49\u20ac\/min + pvm\/mpm, max 3\u20ac\/puhelu) ja s\u00e4hk\u00f6postilla hotelli@kiannonkuohut.fi Suomussalmella 19.5.2025 Joni Tolonen&nbsp;Toimitusjohtaja<\/p>","protected":false},"author":2,"featured_media":0,"parent":0,"menu_order":0,"comment_status":"closed","ping_status":"closed","template":"","meta":{"_improvement_type_select":"improve_an_existing","_thumb_yes_seoaic":false,"_frame_yes_seoaic":false,"seoaic_generate_description":"","seoaic_improve_instructions_prompt":"","seoaic_rollback_content_improvement":"","seoaic_idea_thumbnail_generator":"","thumbnail_generated":false,"thumbnail_generate_prompt":"","seoaic_article_description":"","_uag_custom_page_level_css":"","site-sidebar-layout":"default","site-content-layout":"","ast-site-content-layout":"default","site-content-style":"default","site-sidebar-style":"default","ast-global-header-display":"","ast-banner-title-visibility":"","ast-main-header-display":"","ast-hfb-above-header-display":"","ast-hfb-below-header-display":"","ast-hfb-mobile-header-display":"","site-post-title":"disabled","ast-breadcrumbs-content":"","ast-featured-img":"","footer-sml-layout":"","theme-transparent-header-meta":"","adv-header-id-meta":"","stick-header-meta":"","header-above-stick-meta":"","header-main-stick-meta":"","header-below-stick-meta":"","astra-migrate-meta-layouts":"set","ast-page-background-enabled":"default","ast-page-background-meta":{"desktop":{"background-color":"","background-image":"","background-repeat":"repeat","background-position":"center center","background-size":"auto","background-attachment":"scroll","background-type":"","background-media":"","overlay-type":"","overlay-color":"","overlay-opacity":"","overlay-gradient":""},"tablet":{"background-color":"","background-image":"","background-repeat":"repeat","background-position":"center center","background-size":"auto","background-attachment":"scroll","background-type":"","background-media":"","overlay-type":"","overlay-color":"","overlay-opacity":"","overlay-gradient":""},"mobile":{"background-color":"","background-image":"","background-repeat":"repeat","background-position":"center center","background-size":"auto","background-attachment":"scroll","background-type":"","background-media":"","overlay-type":"","overlay-color":"","overlay-opacity":"","overlay-gradient":""}},"ast-content-background-meta":{"desktop":{"background-color":"var(--ast-global-color-5)","background-image":"","background-repeat":"repeat","background-position":"center center","background-size":"auto","background-attachment":"scroll","background-type":"","background-media":"","overlay-type":"","overlay-color":"","overlay-opacity":"","overlay-gradient":""},"tablet":{"background-color":"var(--ast-global-color-5)","background-image":"","background-repeat":"repeat","background-position":"center center","background-size":"auto","background-attachment":"scroll","background-type":"","background-media":"","overlay-type":"","overlay-color":"","overlay-opacity":"","overlay-gradient":""},"mobile":{"background-color":"var(--ast-global-color-5)","background-image":"","background-repeat":"repeat","background-position":"center center","background-size":"auto","background-attachment":"scroll","background-type":"","background-media":"","overlay-type":"","overlay-color":"","overlay-opacity":"","overlay-gradient":""}},"footnotes":""},"class_list":["post-2468","page","type-page","status-publish","hentry"],"aioseo_notices":[],"uagb_featured_image_src":{"full":false,"thumbnail":false,"medium":false,"medium_large":false,"large":false,"1536x1536":false,"2048x2048":false,"trp-custom-language-flag":false},"uagb_author_info":{"display_name":"johannamaaria.korhonen@gmail.com","author_link":"https:\/\/kiannonkuohut.fi\/en\/author\/johannamaaria-korhonengmail-com\/"},"uagb_comment_info":0,"uagb_excerpt":"Henkil\u00f6tietolaki (523\/1999) 10 \u00a7 ja 24 \u00a7 Kylpyl\u00e4hotelli Kiannon Kuohuissa (Tomi Holappa Oy, 3016925-3) noudatamme henkil\u00f6tietojen k\u00e4ytt\u00f6\u00e4, s\u00e4ilytt\u00e4mist\u00e4 ja luovuttamista koskevaa lakia Henkil\u00f6tietolaki (523\/1999) 10 \u00a7 24 \u00a7. Henkil\u00f6tietojen k\u00e4sittelyn tarkoitus on majoitus- ja ravitsemustoiminnassa s\u00e4\u00e4detyn lain (Laki majoitus- ja ravitsemistoiminnasta 2006\/308 6\u00a7) velvoittamien matkustajatietojen s\u00e4ilytt\u00e4minen, asiakaspalvelun edellytt\u00e4mien yhteydenottojen mahdollistaminen, asiakassuhteen yll\u00e4pito sek\u00e4 suoramarkkinointi silloin&hellip;","_links":{"self":[{"href":"https:\/\/kiannonkuohut.fi\/en\/wp-json\/wp\/v2\/pages\/2468","targetHints":{"allow":["GET"]}}],"collection":[{"href":"https:\/\/kiannonkuohut.fi\/en\/wp-json\/wp\/v2\/pages"}],"about":[{"href":"https:\/\/kiannonkuohut.fi\/en\/wp-json\/wp\/v2\/types\/page"}],"author":[{"embeddable":true,"href":"https:\/\/kiannonkuohut.fi\/en\/wp-json\/wp\/v2\/users\/2"}],"replies":[{"embeddable":true,"href":"https:\/\/kiannonkuohut.fi\/en\/wp-json\/wp\/v2\/comments?post=2468"}],"version-history":[{"count":20,"href":"https:\/\/kiannonkuohut.fi\/en\/wp-json\/wp\/v2\/pages\/2468\/revisions"}],"predecessor-version":[{"id":3427,"href":"https:\/\/kiannonkuohut.fi\/en\/wp-json\/wp\/v2\/pages\/2468\/revisions\/3427"}],"wp:attachment":[{"href":"https:\/\/kiannonkuohut.fi\/en\/wp-json\/wp\/v2\/media?parent=2468"}],"curies":[{"name":"wp","href":"https:\/\/api.w.org\/{rel}","templated":true}]}}