{"id":2366,"date":"2025-06-04T10:48:48","date_gmt":"2025-06-04T10:48:48","guid":{"rendered":"https:\/\/kiannonkuohut.fi\/?page_id=2366"},"modified":"2025-09-23T09:45:12","modified_gmt":"2025-09-23T09:45:12","slug":"juhla-ja-kokous","status":"publish","type":"page","link":"https:\/\/kiannonkuohut.fi\/en\/juhla-ja-kokous\/","title":{"rendered":"BANQUET AND MEETING"},"content":{"rendered":"<div class=\"wp-block-uagb-container uagb-block-739221b1 alignfull uagb-is-root-container\"><div class=\"uagb-container-inner-blocks-wrap\"><\/div><\/div>\n\n\n\n<div class=\"wp-block-uagb-container uagb-block-a5a90253 alignfull uagb-is-root-container\"><div class=\"uagb-container-inner-blocks-wrap\">\n<div class=\"wp-block-uagb-container uagb-block-6c691e3d\">\n<div class=\"wp-block-uagb-container uagb-block-8c26367a\">\n<div class=\"wp-block-uagb-advanced-heading uagb-block-830e5455\"><h2 class=\"uagb-heading-text\">banquet and meeting services<\/h2><p class=\"uagb-desc-text\"><br>Our meeting facilities and services provide the framework for organizing a successful event.<br><br>You will receive everything you need to make your meetings a complete success. All meeting rooms are equipped with modern conference technology.<br>Events can also be organized in our comfortable sauna facilities.<br>We are happy to tailor meeting packages to Your needs.<br><br><\/p><\/div>\n<\/div>\n<\/div>\n\n\n\n<div class=\"wp-block-uagb-container uagb-block-27e887bb\">\n<div class=\"wp-block-uagb-info-box uagb-block-0156f3ef uagb-infobox__content-wrap  uagb-infobox-icon-above-title uagb-infobox-image-valign-top\"><div class=\"uagb-ifb-content\"><div class=\"uagb-ifb-title-wrap\"><h3 class=\"uagb-ifb-title\">meeting package I \u2013 day meeting at 9 am - 4 pm<\/h3><\/div><p class=\"uagb-ifb-desc\"><br>Includes<br><br>Starter coffees with sweet coffee bread<br>Soup lunch<br>Daytime coffees with sweet coffee bread<br>Premises rent<\/p><\/div><\/div>\n<\/div>\n\n\n\n<div class=\"wp-block-uagb-restaurant-menu uagb-block-5a5e4277 uagb-rm__desk-column-1 uagb-rm__tablet-column-2 uagb-rm__mobile-column-1\">\n<div class=\"wp-block-uagb-restaurant-menu-child uagb-rest_menu__wrap\"><div class=\"uagb-rm__content\"><div class=\"uagb-rm-details\"><h3 class=\"uagb-rm__title\">10 \u2013 19 people<\/h3><div class=\"uagb-rm__desc\">35 \u20ac \/ person<\/div><\/div><span class=\"uagb-rm__price\"><\/span><\/div><div class=\"uagb-rm__separator\"><\/div><\/div>\n\n\n\n<div class=\"wp-block-uagb-restaurant-menu-child uagb-rest_menu__wrap\"><div class=\"uagb-rm__content\"><div class=\"uagb-rm-details\"><h3 class=\"uagb-rm__title\">20 \u2013 29 people<\/h3><div class=\"uagb-rm__desc\">29 \u20ac \/ person<\/div><\/div><span class=\"uagb-rm__price\"><\/span><\/div><div class=\"uagb-rm__separator\"><\/div><\/div>\n\n\n\n<div class=\"wp-block-uagb-restaurant-menu-child uagb-rest_menu__wrap\"><div class=\"uagb-rm__content\"><div class=\"uagb-rm-details\"><h3 class=\"uagb-rm__title\">30 or more<\/h3><div class=\"uagb-rm__desc\">25 \u20ac \/ person<\/div><\/div><span class=\"uagb-rm__price\"><\/span><\/div><div class=\"uagb-rm__separator\"><\/div><\/div>\n<\/div>\n\n\n\n<div class=\"wp-block-uagb-container uagb-block-c4c90c35\">\n<div class=\"wp-block-uagb-info-box uagb-block-d407bb89 uagb-infobox__content-wrap  uagb-infobox-icon-above-title uagb-infobox-image-valign-top\"><div class=\"uagb-ifb-content\"><div class=\"uagb-ifb-title-wrap\"><h3 class=\"uagb-ifb-title\"><br><br>meeting package II \u2013 day meeting at 9 am - 4 pm<\/h3><\/div><p class=\"uagb-ifb-desc\"><br>Includes<br><br>Starter coffees with sweet coffee bread<br>Soup lunch<br>Daytime coffees with sweet coffee bread<br>Dinner and room rent, as well as accommodation in a shared double room including breakfast<br>Spa and gym access during spa opening hours<\/p><\/div><\/div>\n<\/div>\n\n\n\n<div class=\"wp-block-uagb-container uagb-block-bbf3e9ce\">\n<div class=\"wp-block-uagb-restaurant-menu uagb-block-da6b1837 uagb-rm__desk-column-1 uagb-rm__tablet-column-2 uagb-rm__mobile-column-1\">\n<div class=\"wp-block-uagb-restaurant-menu-child uagb-rest_menu__wrap\"><div class=\"uagb-rm__content\"><div class=\"uagb-rm-details\"><h4 class=\"uagb-rm__title\">10 \u2013 19 people<\/h4><div class=\"uagb-rm__desc\">118 \u20ac \/ person \/ day \/ shared 2hh<\/div><\/div><span class=\"uagb-rm__price\"><\/span><\/div><div class=\"uagb-rm__separator\"><\/div><\/div>\n\n\n\n<div class=\"wp-block-uagb-restaurant-menu-child uagb-rest_menu__wrap\"><div class=\"uagb-rm__content\"><div class=\"uagb-rm-details\"><h4 class=\"uagb-rm__title\">20 \u2013 29 people<\/h4><div class=\"uagb-rm__desc\">98 \u20ac \/ person \/ day \/ shared 2hh<\/div><\/div><span class=\"uagb-rm__price\"><\/span><\/div><div class=\"uagb-rm__separator\"><\/div><\/div>\n\n\n\n<div class=\"wp-block-uagb-restaurant-menu-child uagb-rest_menu__wrap\"><div class=\"uagb-rm__content\"><div class=\"uagb-rm-details\"><h4 class=\"uagb-rm__title\">30 or more<\/h4><div class=\"uagb-rm__desc\">94 \u20ac \/ person \/ day \/ shared 2hh<\/div><\/div><span class=\"uagb-rm__price\"><\/span><\/div><div class=\"uagb-rm__separator\"><\/div><\/div>\n<\/div>\n<\/div>\n\n\n\n<div class=\"wp-block-uagb-buttons uagb-buttons__outer-wrap uagb-btn__default-btn uagb-btn-tablet__default-btn uagb-btn-mobile__default-btn uagb-block-4a78913a\"><div class=\"uagb-buttons__wrap uagb-buttons-layout-wrap\">\n<div class=\"wp-block-uagb-buttons-child uagb-buttons__outer-wrap uagb-block-edd056d5 wp-block-button\"><div class=\"uagb-button__wrapper\"><a class=\"uagb-buttons-repeater wp-block-button__link\" aria-label=\"\" href=\"https:\/\/cloud.hotellinx.com\/NetReservationsKiannonkuohut\/Rooms\/GetRooms\" rel=\"follow noopener\" target=\"_self\" role=\"button\"><div class=\"uagb-button__link\">book here<\/div><\/a><\/div><\/div>\n<\/div><\/div>\n<\/div><\/div>","protected":false},"excerpt":{"rendered":"<p>juhla- ja kokouspalvelut Kokoustilamme ja -palvelumme tarjoavat puitteet onnistuneen tilaisuuden j\u00e4rjest\u00e4miselle. Tilaisuuteen saat kaiken tarvittavan, jotta kokouksesi onnistuvat t\u00e4ydellisesti. Kaikki kokoustilat on varustettu nykyaikaisella kokoustekniikalla.Tilaisuuksia voi j\u00e4rjest\u00e4\u00e4 my\u00f6s viihtyisiss\u00e4 saunatiloissamme.R\u00e4\u00e4t\u00e4l\u00f6imme mielell\u00e4mme kokouspaketit juuri Sinun tarpeidesi mukaan.<\/p>","protected":false},"author":2,"featured_media":0,"parent":0,"menu_order":0,"comment_status":"closed","ping_status":"closed","template":"","meta":{"_improvement_type_select":"improve_an_existing","_thumb_yes_seoaic":false,"_frame_yes_seoaic":false,"seoaic_generate_description":"","seoaic_improve_instructions_prompt":"","seoaic_rollback_content_improvement":"","seoaic_idea_thumbnail_generator":"","thumbnail_generated":false,"thumbnail_generate_prompt":"","seoaic_article_description":"","_uag_custom_page_level_css":"","site-sidebar-layout":"default","site-content-layout":"","ast-site-content-layout":"default","site-content-style":"default","site-sidebar-style":"default","ast-global-header-display":"","ast-banner-title-visibility":"","ast-main-header-display":"","ast-hfb-above-header-display":"","ast-hfb-below-header-display":"","ast-hfb-mobile-header-display":"","site-post-title":"disabled","ast-breadcrumbs-content":"","ast-featured-img":"","footer-sml-layout":"","theme-transparent-header-meta":"","adv-header-id-meta":"","stick-header-meta":"","header-above-stick-meta":"","header-main-stick-meta":"","header-below-stick-meta":"","astra-migrate-meta-layouts":"set","ast-page-background-enabled":"default","ast-page-background-meta":{"desktop":{"background-color":"","background-image":"","background-repeat":"repeat","background-position":"center center","background-size":"auto","background-attachment":"scroll","background-type":"","background-media":"","overlay-type":"","overlay-color":"","overlay-opacity":"","overlay-gradient":""},"tablet":{"background-color":"","background-image":"","background-repeat":"repeat","background-position":"center center","background-size":"auto","background-attachment":"scroll","background-type":"","background-media":"","overlay-type":"","overlay-color":"","overlay-opacity":"","overlay-gradient":""},"mobile":{"background-color":"","background-image":"","background-repeat":"repeat","background-position":"center center","background-size":"auto","background-attachment":"scroll","background-type":"","background-media":"","overlay-type":"","overlay-color":"","overlay-opacity":"","overlay-gradient":""}},"ast-content-background-meta":{"desktop":{"background-color":"var(--ast-global-color-5)","background-image":"","background-repeat":"repeat","background-position":"center center","background-size":"auto","background-attachment":"scroll","background-type":"","background-media":"","overlay-type":"","overlay-color":"","overlay-opacity":"","overlay-gradient":""},"tablet":{"background-color":"var(--ast-global-color-5)","background-image":"","background-repeat":"repeat","background-position":"center center","background-size":"auto","background-attachment":"scroll","background-type":"","background-media":"","overlay-type":"","overlay-color":"","overlay-opacity":"","overlay-gradient":""},"mobile":{"background-color":"var(--ast-global-color-5)","background-image":"","background-repeat":"repeat","background-position":"center center","background-size":"auto","background-attachment":"scroll","background-type":"","background-media":"","overlay-type":"","overlay-color":"","overlay-opacity":"","overlay-gradient":""}},"footnotes":""},"class_list":["post-2366","page","type-page","status-publish","hentry"],"aioseo_notices":[],"uagb_featured_image_src":{"full":false,"thumbnail":false,"medium":false,"medium_large":false,"large":false,"1536x1536":false,"2048x2048":false,"trp-custom-language-flag":false},"uagb_author_info":{"display_name":"johannamaaria.korhonen@gmail.com","author_link":"https:\/\/kiannonkuohut.fi\/en\/author\/johannamaaria-korhonengmail-com\/"},"uagb_comment_info":0,"uagb_excerpt":"juhla- ja kokouspalvelut Kokoustilamme ja -palvelumme tarjoavat puitteet onnistuneen tilaisuuden j\u00e4rjest\u00e4miselle. Tilaisuuteen saat kaiken tarvittavan, jotta kokouksesi onnistuvat t\u00e4ydellisesti. Kaikki kokoustilat on varustettu nykyaikaisella kokoustekniikalla.Tilaisuuksia voi j\u00e4rjest\u00e4\u00e4 my\u00f6s viihtyisiss\u00e4 saunatiloissamme.R\u00e4\u00e4t\u00e4l\u00f6imme mielell\u00e4mme kokouspaketit juuri Sinun tarpeidesi mukaan.","_links":{"self":[{"href":"https:\/\/kiannonkuohut.fi\/en\/wp-json\/wp\/v2\/pages\/2366","targetHints":{"allow":["GET"]}}],"collection":[{"href":"https:\/\/kiannonkuohut.fi\/en\/wp-json\/wp\/v2\/pages"}],"about":[{"href":"https:\/\/kiannonkuohut.fi\/en\/wp-json\/wp\/v2\/types\/page"}],"author":[{"embeddable":true,"href":"https:\/\/kiannonkuohut.fi\/en\/wp-json\/wp\/v2\/users\/2"}],"replies":[{"embeddable":true,"href":"https:\/\/kiannonkuohut.fi\/en\/wp-json\/wp\/v2\/comments?post=2366"}],"version-history":[{"count":27,"href":"https:\/\/kiannonkuohut.fi\/en\/wp-json\/wp\/v2\/pages\/2366\/revisions"}],"predecessor-version":[{"id":3504,"href":"https:\/\/kiannonkuohut.fi\/en\/wp-json\/wp\/v2\/pages\/2366\/revisions\/3504"}],"wp:attachment":[{"href":"https:\/\/kiannonkuohut.fi\/en\/wp-json\/wp\/v2\/media?parent=2366"}],"curies":[{"name":"wp","href":"https:\/\/api.w.org\/{rel}","templated":true}]}}