{"id":2339,"date":"2025-04-17T08:01:52","date_gmt":"2025-04-17T08:01:52","guid":{"rendered":"https:\/\/kiannonkuohut.fi\/?page_id=2339"},"modified":"2025-07-13T08:56:37","modified_gmt":"2025-07-13T08:56:37","slug":"kylpyla-ja-wellness","status":"publish","type":"page","link":"https:\/\/kiannonkuohut.fi\/en\/kylpyla-ja-wellness\/","title":{"rendered":"SPA AND WELLNESS"},"content":{"rendered":"<div class=\"wp-block-uagb-container uagb-block-d73fa415 alignfull uagb-is-root-container\"><div class=\"uagb-container-inner-blocks-wrap\"><\/div><\/div>\n\n\n\n<div class=\"wp-block-uagb-container uagb-block-a5a90253 alignfull uagb-is-root-container\"><div class=\"uagb-container-inner-blocks-wrap\">\n<div class=\"wp-block-uagb-advanced-heading uagb-block-20b039bc\"><h2 class=\"uagb-heading-text\">spa &amp; wellness<\/h2><p class=\"uagb-desc-text\">The Kiannon Kuohut spa is located in connection with the hotel, in the city center, surrounded by beautiful nature. The cozy spa and versatile gym offer body and mind refreshment all year round.\u00a0<br><br>Refresh yourself by swimming in the water of Jalonuoma or have an ice bath in winter.<br><br>You can rent a golf simulator at the spa, where you can enjoy a unique golf experience every day of the year. <br>You can also book individual gym sessions at the spa ticket office.\u00a0<br><br>The price of room accommodation always includes use of the recreational spa and gym during their opening hours. Guests staying at the hotel receive a pass from reception. The spa is accessible directly from the hotel's accommodation.\u00a0<br><br>In the spa you can find<br><br>Four-lane 25 m long fitness pool<br>A children&#039;s pool with two slides<br>Hydromassage, jacuzzis and cold water pools<br>Finnish saunas and herbal steam sauna<br>A ball pit and an internet caf\u00e9 in the spa lobby<br><br><\/p><\/div>\n\n\n\n<div class=\"wp-block-uagb-buttons uagb-buttons__outer-wrap uagb-btn__default-btn uagb-btn-tablet__default-btn uagb-btn-mobile__default-btn uagb-block-89e43308\"><div class=\"uagb-buttons__wrap uagb-buttons-layout-wrap\">\n<div class=\"wp-block-uagb-buttons-child uagb-buttons__outer-wrap uagb-block-cb6db8ac wp-block-button\"><div class=\"uagb-button__wrapper\"><a class=\"uagb-buttons-repeater wp-block-button__link\" aria-label=\"\" href=\"https:\/\/www.suomussalmi.fi\/fi\/kulttuuri-vapaa-aika-ja-nuoret\/kylpyla-kiannon-kuohut\" rel=\"follow noopener\" target=\"_blank\" role=\"button\"><div class=\"uagb-button__link\">read more about the spa <\/div><\/a><\/div><\/div>\n<\/div><\/div>\n<\/div><\/div>\n\n\n\n<div class=\"wp-block-uagb-container uagb-block-2293bea3 alignfull uagb-is-root-container\"><div class=\"uagb-container-inner-blocks-wrap\"><\/div><\/div>\n\n\n\n<div class=\"wp-block-uagb-container uagb-block-dee7bc09 alignfull uagb-is-root-container\"><div class=\"uagb-container-inner-blocks-wrap\">\n<div class=\"wp-block-uagb-advanced-heading uagb-block-62a33eca\"><h2 class=\"uagb-heading-text\">massage service hellite<\/h2><p class=\"uagb-desc-text\">The Hellite Massage Service is located in connection with the hotel. Classic, mobilizing massage from a trained masseuse specializing in joint function.<br><br>You can conveniently book a massage at the same time as your accommodation by calling 040 0777554.<br><\/p><\/div>\n\n\n\n<div class=\"wp-block-uagb-container uagb-block-fcb0a68b\">\n<div class=\"wp-block-uagb-buttons uagb-buttons__outer-wrap uagb-btn__default-btn uagb-btn-tablet__default-btn uagb-btn-mobile__default-btn uagb-block-f93a4797\"><div class=\"uagb-buttons__wrap uagb-buttons-layout-wrap\">\n<div class=\"wp-block-uagb-buttons-child uagb-buttons__outer-wrap uagb-block-a31ade79 wp-block-button\"><div class=\"uagb-button__wrapper\"><a class=\"uagb-buttons-repeater wp-block-button__link\" aria-label=\"\" href=\"https:\/\/www.facebook.com\/hierontapalveluhellite\/?locale=fi_FI\" rel=\"follow noopener\" target=\"_blank\" role=\"button\"><div class=\"uagb-button__link\">learn more  <\/div><\/a><\/div><\/div>\n<\/div><\/div>\n<\/div>\n<\/div><\/div>\n\n\n\n<div class=\"wp-block-uagb-container uagb-block-f054dadc alignfull uagb-is-root-container\"><div class=\"uagb-container-inner-blocks-wrap\"><\/div><\/div>\n\n\n\n<div class=\"wp-block-uagb-container uagb-block-29ef7e42 alignfull uagb-is-root-container\"><div class=\"uagb-container-inner-blocks-wrap\">\n<div class=\"wp-block-uagb-advanced-heading uagb-block-b405fa98\"><h2 class=\"uagb-heading-text\">gym<\/h2><p class=\"uagb-desc-text\">The gym has free weights and equipment for working out all muscle groups \u2013 a versatile gym that will suit even the most demanding exerciser. Next to the gym, you will also find a functional room where you can immerse yourself in yoga, dance or just spend some quiet time with  stretching.<br><br>The gym is open<br>Mon 12 noon - 11 pm<br>Tue \u2013 Sun 5 am -11 pm<br><br>You can get a gym pass from our reception when you arrive at the hotel.<br><\/p><\/div>\n\n\n\n<div class=\"wp-block-uagb-container uagb-block-fc0237b0\">\n<div class=\"wp-block-uagb-buttons uagb-buttons__outer-wrap uagb-btn__default-btn uagb-btn-tablet__default-btn uagb-btn-mobile__default-btn uagb-block-af07f2ad\"><div class=\"uagb-buttons__wrap uagb-buttons-layout-wrap\">\n<div class=\"wp-block-uagb-buttons-child uagb-buttons__outer-wrap uagb-block-50f38f5d wp-block-button\"><div class=\"uagb-button__wrapper\"><a class=\"uagb-buttons-repeater wp-block-button__link\" aria-label=\"\" href=\"https:\/\/suomussalmi.fi\/fi\/kulttuuri-vapaa-aika-ja-nuoret\/kylpyla-kiannon-kuohut\/kuntosali?ss360SearchTerm=kuntosali\" rel=\"follow noopener\" target=\"_blank\" role=\"button\"><div class=\"uagb-button__link\">learn more  <\/div><\/a><\/div><\/div>\n<\/div><\/div>\n<\/div>\n<\/div><\/div>\n\n\n\n<div class=\"wp-block-uagb-container uagb-block-17c68e83 alignfull uagb-is-root-container\"><div class=\"uagb-container-inner-blocks-wrap\"><\/div><\/div>","protected":false},"excerpt":{"rendered":"<p>kylpyl\u00e4 &amp; wellness Virkistyskylpyl\u00e4 Kiannon Kuohut sijaitsee hotellin yhteydess\u00e4, keskustassa kauniin luonnon ymp\u00e4r\u00f6im\u00e4n\u00e4. Viihtyis\u00e4 kylpyl\u00e4 ja monipuolinen kuntosali tarjoavat kehon ja mielen virkistyst\u00e4 l\u00e4pi vuoden.\u00a0 Virkist\u00e4ydy Jalonuoman vedess\u00e4 uiden tai pulahda talvella avantoon. Kylpyl\u00e4st\u00e4 voit vuokrata ajan golfsimulaattoriin, jossa saat ainutlaatuisen golfel\u00e4myksen vuoden jokaisena p\u00e4iv\u00e4n\u00e4. Yksitt\u00e4isi\u00e4 liikuntasalivuoroja voit my\u00f6s varata kylpyl\u00e4n lippukassalta.\u00a0 Huonemajoituksen hintaan sis\u00e4ltyy aina virkistyskylpyl\u00e4n ja kuntosalin k\u00e4ytt\u00f6 niiden aukioloaikoina. Hotelliin majoittuvat asiakkaat saavat kulkukortin vastaanotosta. Kylpyl\u00e4\u00e4n p\u00e4\u00e4set suoraan hotellin majoitustiloista.\u00a0 Kylpyl\u00e4st\u00e4 l\u00f6yd\u00e4t Nelirataisen 25 m pituisen kuntouintialtaanLastenaltaan kahdella liukum\u00e4ell\u00e4Vesihieronta-, pore- ja kylm\u00e4vesialtaatSuomalaiset saunat sek\u00e4 yrttih\u00f6yrysaunanPallomeren sek\u00e4 nettikahvilan kylpyl\u00e4n aulasta hierontapalvelu hellite Hotellin yhteydess\u00e4 toimii Hierontapalvelu Hellite. Klassista, mobilisoivaa hierontaa niveltoimintaan erikoistuneelta koulutetulta hierojalta. Hieronnan varaat k\u00e4tev\u00e4sti samalla majoituksen yhteyteen puhelimitse 040 0777554 kuntosali Kuntosalilta l\u00f6yd\u00e4t vapaita painoja ja laitteita kaikkien lihasryhmien harjoittamiseen \u2013 monipuolinen kuntosali sopii my\u00f6s vaativammankin treenaajan makuun. Salin vierest\u00e4 l\u00f6yd\u00e4t my\u00f6s toiminnallisen salin, jossa voit syventy\u00e4 joogaan, tanssia tai viett\u00e4\u00e4 vaikka rauhallisen venyttelyhetken. Kuntosali on avoinnaMa klo 12-23Ti \u2013 Su klo 05-23 Kulkukortin kuntosalille saat vastaanotostamme saapuessasi hotellille.<\/p>","protected":false},"author":2,"featured_media":0,"parent":0,"menu_order":0,"comment_status":"closed","ping_status":"closed","template":"","meta":{"_improvement_type_select":"improve_an_existing","_thumb_yes_seoaic":false,"_frame_yes_seoaic":false,"seoaic_generate_description":"","seoaic_improve_instructions_prompt":"","seoaic_rollback_content_improvement":"","seoaic_idea_thumbnail_generator":"","thumbnail_generated":false,"thumbnail_generate_prompt":"","seoaic_article_description":"","_uag_custom_page_level_css":"","site-sidebar-layout":"default","site-content-layout":"","ast-site-content-layout":"default","site-content-style":"default","site-sidebar-style":"default","ast-global-header-display":"","ast-banner-title-visibility":"","ast-main-header-display":"","ast-hfb-above-header-display":"","ast-hfb-below-header-display":"","ast-hfb-mobile-header-display":"","site-post-title":"disabled","ast-breadcrumbs-content":"","ast-featured-img":"","footer-sml-layout":"","theme-transparent-header-meta":"","adv-header-id-meta":"","stick-header-meta":"","header-above-stick-meta":"","header-main-stick-meta":"","header-below-stick-meta":"","astra-migrate-meta-layouts":"set","ast-page-background-enabled":"default","ast-page-background-meta":{"desktop":{"background-color":"","background-image":"","background-repeat":"repeat","background-position":"center center","background-size":"auto","background-attachment":"scroll","background-type":"","background-media":"","overlay-type":"","overlay-color":"","overlay-opacity":"","overlay-gradient":""},"tablet":{"background-color":"","background-image":"","background-repeat":"repeat","background-position":"center center","background-size":"auto","background-attachment":"scroll","background-type":"","background-media":"","overlay-type":"","overlay-color":"","overlay-opacity":"","overlay-gradient":""},"mobile":{"background-color":"","background-image":"","background-repeat":"repeat","background-position":"center center","background-size":"auto","background-attachment":"scroll","background-type":"","background-media":"","overlay-type":"","overlay-color":"","overlay-opacity":"","overlay-gradient":""}},"ast-content-background-meta":{"desktop":{"background-color":"var(--ast-global-color-5)","background-image":"","background-repeat":"repeat","background-position":"center center","background-size":"auto","background-attachment":"scroll","background-type":"","background-media":"","overlay-type":"","overlay-color":"","overlay-opacity":"","overlay-gradient":""},"tablet":{"background-color":"var(--ast-global-color-5)","background-image":"","background-repeat":"repeat","background-position":"center center","background-size":"auto","background-attachment":"scroll","background-type":"","background-media":"","overlay-type":"","overlay-color":"","overlay-opacity":"","overlay-gradient":""},"mobile":{"background-color":"var(--ast-global-color-5)","background-image":"","background-repeat":"repeat","background-position":"center center","background-size":"auto","background-attachment":"scroll","background-type":"","background-media":"","overlay-type":"","overlay-color":"","overlay-opacity":"","overlay-gradient":""}},"footnotes":""},"class_list":["post-2339","page","type-page","status-publish","hentry"],"aioseo_notices":[],"uagb_featured_image_src":{"full":false,"thumbnail":false,"medium":false,"medium_large":false,"large":false,"1536x1536":false,"2048x2048":false,"trp-custom-language-flag":false},"uagb_author_info":{"display_name":"johannamaaria.korhonen@gmail.com","author_link":"https:\/\/kiannonkuohut.fi\/en\/author\/johannamaaria-korhonengmail-com\/"},"uagb_comment_info":0,"uagb_excerpt":"kylpyl\u00e4 &amp; wellness Virkistyskylpyl\u00e4 Kiannon Kuohut sijaitsee hotellin yhteydess\u00e4, keskustassa kauniin luonnon ymp\u00e4r\u00f6im\u00e4n\u00e4. Viihtyis\u00e4 kylpyl\u00e4 ja monipuolinen kuntosali tarjoavat kehon ja mielen virkistyst\u00e4 l\u00e4pi vuoden.\u00a0 Virkist\u00e4ydy Jalonuoman vedess\u00e4 uiden tai pulahda talvella avantoon. Kylpyl\u00e4st\u00e4 voit vuokrata ajan golfsimulaattoriin, jossa saat ainutlaatuisen golfel\u00e4myksen vuoden jokaisena p\u00e4iv\u00e4n\u00e4. Yksitt\u00e4isi\u00e4 liikuntasalivuoroja voit my\u00f6s varata kylpyl\u00e4n lippukassalta.\u00a0 Huonemajoituksen hintaan sis\u00e4ltyy&hellip;","_links":{"self":[{"href":"https:\/\/kiannonkuohut.fi\/en\/wp-json\/wp\/v2\/pages\/2339","targetHints":{"allow":["GET"]}}],"collection":[{"href":"https:\/\/kiannonkuohut.fi\/en\/wp-json\/wp\/v2\/pages"}],"about":[{"href":"https:\/\/kiannonkuohut.fi\/en\/wp-json\/wp\/v2\/types\/page"}],"author":[{"embeddable":true,"href":"https:\/\/kiannonkuohut.fi\/en\/wp-json\/wp\/v2\/users\/2"}],"replies":[{"embeddable":true,"href":"https:\/\/kiannonkuohut.fi\/en\/wp-json\/wp\/v2\/comments?post=2339"}],"version-history":[{"count":49,"href":"https:\/\/kiannonkuohut.fi\/en\/wp-json\/wp\/v2\/pages\/2339\/revisions"}],"predecessor-version":[{"id":3484,"href":"https:\/\/kiannonkuohut.fi\/en\/wp-json\/wp\/v2\/pages\/2339\/revisions\/3484"}],"wp:attachment":[{"href":"https:\/\/kiannonkuohut.fi\/en\/wp-json\/wp\/v2\/media?parent=2339"}],"curies":[{"name":"wp","href":"https:\/\/api.w.org\/{rel}","templated":true}]}}