{"id":11,"date":"2025-04-09T07:46:50","date_gmt":"2025-04-09T07:46:50","guid":{"rendered":"https:\/\/\/barbers\/"},"modified":"2026-02-26T07:51:03","modified_gmt":"2026-02-26T07:51:03","slug":"ravintola","status":"publish","type":"page","link":"https:\/\/kiannonkuohut.fi\/en\/ravintola\/","title":{"rendered":"RESTAURANT"},"content":{"rendered":"<div class=\"wp-block-uagb-container uagb-block-5fe90bfe alignfull uagb-is-root-container\"><div class=\"uagb-container-inner-blocks-wrap\"><\/div><\/div>\n\n\n\n<div class=\"wp-block-uagb-container uagb-block-4bf9c25e alignfull uagb-is-root-container\">\n<div class=\"wp-block-uagb-advanced-heading uagb-block-2cba53ca\"><h1 class=\"uagb-heading-text\">restaurant<\/h1><\/div>\n<\/div>\n\n\n\n<div class=\"wp-block-uagb-container uagb-block-a5a90253 alignfull uagb-is-root-container\"><div class=\"uagb-container-inner-blocks-wrap\">\n<div class=\"wp-block-uagb-advanced-heading uagb-block-b786113a\"><h2 class=\"uagb-heading-text\">\u00e1 la carte \u2013the flavors of kainuu<\/h2><\/div>\n\n\n\n<div class=\"wp-block-uagb-container uagb-block-3d77c9c9\">\n<h2 class=\"wp-block-heading\"><\/h2>\n<\/div>\n\n\n\n<div class=\"wp-block-columns is-layout-flex wp-container-core-columns-is-layout-28f84493 wp-block-columns-is-layout-flex\">\n<div class=\"wp-block-column is-layout-flow wp-block-column-is-layout-flow\" style=\"flex-basis:100%\">\n<div class=\"wp-block-columns is-layout-flex wp-container-core-columns-is-layout-28f84493 wp-block-columns-is-layout-flex\">\n<div class=\"wp-block-column is-layout-flow wp-block-column-is-layout-flow\" style=\"flex-basis:100%\">\n<div class=\"wp-block-columns is-layout-flex wp-container-core-columns-is-layout-28f84493 wp-block-columns-is-layout-flex\">\n<div class=\"wp-block-column is-layout-flow wp-block-column-is-layout-flow\" style=\"flex-basis:100%\">\n<div class=\"wp-block-uagb-info-box uagb-block-1382bdde uagb-infobox__content-wrap  uagb-infobox-icon-above-title uagb-infobox-image-valign-top\"><div class=\"uagb-ifb-content\"><div class=\"uagb-ifb-title-wrap\"><h3 class=\"uagb-ifb-title\"><br>Ravintolamme on avoinna<\/h3><\/div><p class=\"uagb-ifb-desc\">1.1.2026 alkaen<br><br>Ma &#8211; La <br>18:00 &#8211; 21:30 (keitti\u00f6 avoinna 21:15 saakka)<\/p><\/div><\/div>\n\n\n\n<div class=\"wp-block-uagb-container uagb-block-c424b791\"><\/div>\n<\/div>\n<\/div>\n<\/div>\n<\/div>\n<\/div>\n<\/div>\n\n\n\n<div class=\"wp-block-uagb-buttons uagb-buttons__outer-wrap uagb-btn__default-btn uagb-btn-tablet__default-btn uagb-btn-mobile__default-btn uagb-block-5e90b685\"><div class=\"uagb-buttons__wrap uagb-buttons-layout-wrap\">\n<div class=\"wp-block-uagb-buttons-child uagb-buttons__outer-wrap uagb-block-bd8fa3ef wp-block-button\"><div class=\"uagb-button__wrapper\"><a class=\"uagb-buttons-repeater wp-block-button__link\" aria-label=\"\" href=\"https:\/\/kiannonkuohut.fi\/en\/menu-2\/\" rel=\"follow noopener\" target=\"_self\" role=\"button\"><div class=\"uagb-button__link\">menu (2.3 alkaen)<\/div><\/a><\/div><\/div>\n<\/div><\/div>\n\n\n\n<p><\/p>\n\n\n\n<div class=\"wp-block-uagb-buttons uagb-buttons__outer-wrap uagb-btn__default-btn uagb-btn-tablet__default-btn uagb-btn-mobile__default-btn uagb-block-fc8e7b85\"><div class=\"uagb-buttons__wrap uagb-buttons-layout-wrap\">\n<div class=\"wp-block-uagb-buttons-child uagb-buttons__outer-wrap uagb-block-35f921b8 wp-block-button\"><div class=\"uagb-button__wrapper\"><a class=\"uagb-buttons-repeater wp-block-button__link\" aria-label=\"\" href=\"https:\/\/kiannonkuohut.fi\/en\/menu-eng\/\" rel=\"follow noopener\" target=\"_self\" role=\"button\"><div class=\"uagb-button__link\">menu (from march 2nd)<\/div><\/a><\/div><\/div>\n<\/div><\/div>\n<\/div><\/div>\n\n\n\n<div class=\"wp-block-uagb-container uagb-block-07240c77 alignfull uagb-is-root-container\"><div class=\"uagb-container-inner-blocks-wrap\">\n<div class=\"wp-block-uagb-container uagb-block-bf60bae8\">\n<div class=\"wp-block-uagb-advanced-heading uagb-block-9cd50395\"><h2 class=\"uagb-heading-text\">breakfast<\/h2><p class=\"uagb-desc-text\">A good start to the day with our breakfast. Breakfast is served daily in the hotel restaurant and includes traditional Finnish classics.<br><br>You can also come and enjoy breakfast without staying. The price is 12 \u20ac\/person.<br><br>Breakfast is served<br><br>Ma \u2013 Pe&nbsp; klo 07.00 &#8211; 09.30<br>Sat &amp; Sun 08:00AM - 11:00AM<\/p><\/div>\n<\/div>\n\n\n\n<div class=\"wp-block-uagb-container uagb-block-6a61b3ca\">\n<div class=\"wp-block-uagb-image uagb-block-c139078b wp-block-uagb-image--layout-default wp-block-uagb-image--effect-static wp-block-uagb-image--align-none\"><figure class=\"wp-block-uagb-image__figure\"><img loading=\"lazy\" decoding=\"async\" srcset=\"https:\/\/lightsalmon-stinkbug-998868.hostingersite.com\/wp-content\/uploads\/2025\/06\/NZF2065-705x1024.jpg ,https:\/\/lightsalmon-stinkbug-998868.hostingersite.com\/wp-content\/uploads\/2025\/06\/NZF2065-scaled.jpg 780w, https:\/\/lightsalmon-stinkbug-998868.hostingersite.com\/wp-content\/uploads\/2025\/06\/NZF2065-scaled.jpg 360w\" sizes=\"auto, (max-width: 480px) 150px\" src=\"https:\/\/lightsalmon-stinkbug-998868.hostingersite.com\/wp-content\/uploads\/2025\/06\/NZF2065-705x1024.jpg\" alt=\"\" class=\"uag-image-3018\" width=\"705\" height=\"1024\" title=\"_NZF2065\" role=\"img\"\/><\/figure><\/div>\n<\/div>\n<\/div><\/div>\n\n\n\n<p><\/p>","protected":false},"excerpt":{"rendered":"<p>ravintola \u00e1 la carte &#8211; kainuulaiseen makuun aamiainen Hyv\u00e4 startti p\u00e4iv\u00e4\u00e4n kattavalla aamiaisella. Aamiainen tarjoillaan p\u00e4ivitt\u00e4in hotellin ravintolassa ja tarjolla on mm. suomalaisia perinneruoan klassikoita. Voit tulla nauttimaan aamiaista my\u00f6s ilman majoittumista. Hinta t\u00e4ll\u00f6in 12 \u20ac\/ henkil\u00f6. Aamiainen tarjoillaan Ma \u2013 Pe&nbsp; klo 07.00 &#8211; 09.30La&amp;Su klo 08.00 &#8211; 11.00<\/p>","protected":false},"author":2,"featured_media":0,"parent":0,"menu_order":0,"comment_status":"closed","ping_status":"closed","template":"","meta":{"_improvement_type_select":"improve_an_existing","_thumb_yes_seoaic":false,"_frame_yes_seoaic":false,"seoaic_generate_description":"","seoaic_improve_instructions_prompt":"","seoaic_rollback_content_improvement":"","seoaic_idea_thumbnail_generator":"","thumbnail_generated":false,"thumbnail_generate_prompt":"","seoaic_article_description":"","_uag_custom_page_level_css":"","site-sidebar-layout":"no-sidebar","site-content-layout":"plain-container","ast-site-content-layout":"normal-width-container","site-content-style":"unboxed","site-sidebar-style":"unboxed","ast-global-header-display":"","ast-banner-title-visibility":"","ast-main-header-display":"","ast-hfb-above-header-display":"","ast-hfb-below-header-display":"","ast-hfb-mobile-header-display":"","site-post-title":"disabled","ast-breadcrumbs-content":"","ast-featured-img":"","footer-sml-layout":"","ast-disable-related-posts":"","theme-transparent-header-meta":"enabled","adv-header-id-meta":"","stick-header-meta":"","header-above-stick-meta":"","header-main-stick-meta":"","header-below-stick-meta":"","astra-migrate-meta-layouts":"set","ast-page-background-enabled":"default","ast-page-background-meta":{"desktop":{"background-color":"","background-image":"","background-repeat":"repeat","background-position":"center center","background-size":"auto","background-attachment":"scroll","background-type":"","background-media":"","overlay-type":"","overlay-color":"","overlay-opacity":"","overlay-gradient":""},"tablet":{"background-color":"","background-image":"","background-repeat":"repeat","background-position":"center center","background-size":"auto","background-attachment":"scroll","background-type":"","background-media":"","overlay-type":"","overlay-color":"","overlay-opacity":"","overlay-gradient":""},"mobile":{"background-color":"","background-image":"","background-repeat":"repeat","background-position":"center center","background-size":"auto","background-attachment":"scroll","background-type":"","background-media":"","overlay-type":"","overlay-color":"","overlay-opacity":"","overlay-gradient":""}},"ast-content-background-meta":{"desktop":{"background-color":"var(--ast-global-color-5)","background-image":"","background-repeat":"repeat","background-position":"center center","background-size":"auto","background-attachment":"scroll","background-type":"","background-media":"","overlay-type":"","overlay-color":"","overlay-opacity":"","overlay-gradient":""},"tablet":{"background-color":"var(--ast-global-color-5)","background-image":"","background-repeat":"repeat","background-position":"center center","background-size":"auto","background-attachment":"scroll","background-type":"","background-media":"","overlay-type":"","overlay-color":"","overlay-opacity":"","overlay-gradient":""},"mobile":{"background-color":"var(--ast-global-color-5)","background-image":"","background-repeat":"repeat","background-position":"center center","background-size":"auto","background-attachment":"scroll","background-type":"","background-media":"","overlay-type":"","overlay-color":"","overlay-opacity":"","overlay-gradient":""}},"footnotes":""},"class_list":["post-11","page","type-page","status-publish","hentry"],"aioseo_notices":[],"uagb_featured_image_src":{"full":false,"thumbnail":false,"medium":false,"medium_large":false,"large":false,"1536x1536":false,"2048x2048":false,"trp-custom-language-flag":false},"uagb_author_info":{"display_name":"johannamaaria.korhonen@gmail.com","author_link":"https:\/\/kiannonkuohut.fi\/en\/author\/johannamaaria-korhonengmail-com\/"},"uagb_comment_info":0,"uagb_excerpt":"ravintola \u00e1 la carte &#8211; kainuulaiseen makuun aamiainen Hyv\u00e4 startti p\u00e4iv\u00e4\u00e4n kattavalla aamiaisella. Aamiainen tarjoillaan p\u00e4ivitt\u00e4in hotellin ravintolassa ja tarjolla on mm. suomalaisia perinneruoan klassikoita. Voit tulla nauttimaan aamiaista my\u00f6s ilman majoittumista. Hinta t\u00e4ll\u00f6in 12 \u20ac\/ henkil\u00f6. Aamiainen tarjoillaan Ma \u2013 Pe&nbsp; klo 07.00 &#8211; 09.30La&amp;Su klo 08.00 &#8211; 11.00","_links":{"self":[{"href":"https:\/\/kiannonkuohut.fi\/en\/wp-json\/wp\/v2\/pages\/11","targetHints":{"allow":["GET"]}}],"collection":[{"href":"https:\/\/kiannonkuohut.fi\/en\/wp-json\/wp\/v2\/pages"}],"about":[{"href":"https:\/\/kiannonkuohut.fi\/en\/wp-json\/wp\/v2\/types\/page"}],"author":[{"embeddable":true,"href":"https:\/\/kiannonkuohut.fi\/en\/wp-json\/wp\/v2\/users\/2"}],"replies":[{"embeddable":true,"href":"https:\/\/kiannonkuohut.fi\/en\/wp-json\/wp\/v2\/comments?post=11"}],"version-history":[{"count":58,"href":"https:\/\/kiannonkuohut.fi\/en\/wp-json\/wp\/v2\/pages\/11\/revisions"}],"predecessor-version":[{"id":3872,"href":"https:\/\/kiannonkuohut.fi\/en\/wp-json\/wp\/v2\/pages\/11\/revisions\/3872"}],"wp:attachment":[{"href":"https:\/\/kiannonkuohut.fi\/en\/wp-json\/wp\/v2\/media?parent=11"}],"curies":[{"name":"wp","href":"https:\/\/api.w.org\/{rel}","templated":true}]}}